{"id":2,"date":"2011-01-03T18:58:10","date_gmt":"2011-01-03T18:58:10","guid":{"rendered":"http:\/\/voyagiste-madagascar.com\/?page_id=2"},"modified":"2026-04-15T02:44:01","modified_gmt":"2026-04-15T02:44:01","slug":"about","status":"publish","type":"page","link":"https:\/\/voyagiste-madagascar.com\/fr\/about\/","title":{"rendered":"\u00c0 propos de nous"},"content":{"rendered":"<p><\/p>\n<h2>\u00c0 propos de Voyagiste Madagascar<\/h2>\n<p>Voyagiste Madagascar est un guide de voyage ind\u00e9pendant consacr\u00e9 \u00e0 l&rsquo;une des \u00eeles les plus extraordinaires du monde. Depuis 2011, nous partageons des articles approfondis sur les parcs naturels, la faune, la culture, la gastronomie, les traditions et les conseils pratiques pour voyager \u00e0 Madagascar \u2014 en anglais et en fran\u00e7ais.<\/p>\n<p>Madagascar est unique en son genre. Plus de 90 % de sa faune et de sa flore n&rsquo;existent nulle part ailleurs sur la plan\u00e8te. Des baobabs majestueux de Morondava aux tsingy ac\u00e9r\u00e9s de Bemaraha, des for\u00eats pluviales de Ranomafana aux plages immacul\u00e9es de Nosy Be \u2014 cette \u00eele r\u00e9serve au voyageur curieux des exp\u00e9riences introuvables ailleurs.<\/p>\n<h3>Ce que vous trouverez ici<\/h3>\n<ul>\n<li>Des guides pratiques et honn\u00eates sur les parcs et r\u00e9serves naturelles de Madagascar<\/li>\n<li>Des explorations culturelles des traditions, de la cuisine et de la vie quotidienne malgaches<\/li>\n<li>Des conseils saisonniers pour planifier votre voyage au bon moment<\/li>\n<li>Des recommandations soigneusement s\u00e9lectionn\u00e9es en mati\u00e8re de circuits, d&rsquo;h\u00e9bergement et d&rsquo;assurance voyage<\/li>\n<\/ul>\n<h3>Notre mission<\/h3>\n<p>Nous croyons que le meilleur voyage est un voyage responsable. Notre objectif est de vous aider \u00e0 d\u00e9couvrir Madagascar de mani\u00e8re authentique \u2014 en soutenant les communaut\u00e9s locales, en respectant la faune et en tirant le meilleur parti de chaque instant pass\u00e9 sur cette \u00eele remarquable.<\/p>\n<p>Une question ou une histoire de voyage \u00e0 partager ? \u00c9crivez-nous \u00e0 <a href=mailto:info@voyagiste-madagascar.com>info@voyagiste-madagascar.com<\/a>.<\/p>\n<p><\/p>","protected":false},"excerpt":{"rendered":"<p>\u00c0 propos de Voyagiste Madagascar Voyagiste Madagascar est un guide de voyage ind\u00e9pendant consacr\u00e9 \u00e0 l&rsquo;une des \u00eeles les plus extraordinaires du monde. Depuis 2011, nous partageons des articles approfondis sur les parcs naturels,&#46;&#46;&#46;<\/p>\n","protected":false},"author":1,"featured_media":0,"parent":0,"menu_order":4,"comment_status":"closed","ping_status":"closed","template":"","meta":{"ngg_post_thumbnail":0,"footnotes":""},"yoast_head":"<!-- This site is optimized with the Yoast SEO plugin v22.1 - https:\/\/yoast.com\/wordpress\/plugins\/seo\/ -->\n<title>\u00c0 propos de nous &#183; Voyagiste Madagascar<\/title>\n<meta name=\"robots\" content=\"index, follow, max-snippet:-1, max-image-preview:large, max-video-preview:-1\" \/>\n<link rel=\"canonical\" href=\"https:\/\/voyagiste-madagascar.com\/about\/\" \/>\n<meta property=\"og:locale\" content=\"fr_FR\" \/>\n<meta property=\"og:type\" content=\"article\" \/>\n<meta property=\"og:title\" content=\"\u00c0 propos de nous &#183; Voyagiste Madagascar\" \/>\n<meta property=\"og:description\" content=\"\u00c0 propos de Voyagiste Madagascar Voyagiste Madagascar est un guide de voyage ind\u00e9pendant consacr\u00e9 \u00e0 l&rsquo;une des \u00eeles les plus extraordinaires du monde. Depuis 2011, nous partageons des articles approfondis sur les parcs naturels,&#046;&#046;&#046;\" \/>\n<meta property=\"og:url\" content=\"https:\/\/voyagiste-madagascar.com\/about\/\" \/>\n<meta property=\"og:site_name\" content=\"Voyagiste Madagascar\" \/>\n<meta property=\"article:publisher\" content=\"https:\/\/www.facebook.com\/VMadagascar\/?ref=ts\" \/>\n<meta property=\"article:modified_time\" content=\"2026-04-15T02:44:01+00:00\" \/>\n<meta name=\"twitter:card\" content=\"summary_large_image\" \/>\n<meta name=\"twitter:label1\" content=\"Dur\u00e9e de lecture estim\u00e9e\" \/>\n\t<meta name=\"twitter:data1\" content=\"2 minutes\" \/>\n<script type=\"application\/ld+json\" class=\"yoast-schema-graph\">{\"@context\":\"https:\/\/schema.org\",\"@graph\":[{\"@type\":\"WebPage\",\"@id\":\"https:\/\/voyagiste-madagascar.com\/about\/\",\"url\":\"https:\/\/voyagiste-madagascar.com\/about\/\",\"name\":\"\u00c0 propos de nous &#183; Voyagiste Madagascar\",\"isPartOf\":{\"@id\":\"https:\/\/voyagiste-madagascar.com\/#website\"},\"datePublished\":\"2011-01-03T18:58:10+00:00\",\"dateModified\":\"2026-04-15T02:44:01+00:00\",\"breadcrumb\":{\"@id\":\"https:\/\/voyagiste-madagascar.com\/about\/#breadcrumb\"},\"inLanguage\":\"fr-FR\",\"potentialAction\":[{\"@type\":\"ReadAction\",\"target\":[\"https:\/\/voyagiste-madagascar.com\/about\/\"]}]},{\"@type\":\"BreadcrumbList\",\"@id\":\"https:\/\/voyagiste-madagascar.com\/about\/#breadcrumb\",\"itemListElement\":[{\"@type\":\"ListItem\",\"position\":1,\"name\":\"Home\",\"item\":\"https:\/\/voyagiste-madagascar.com\/\"},{\"@type\":\"ListItem\",\"position\":2,\"name\":\"\u00c0 propos de nous\"}]},{\"@type\":\"WebSite\",\"@id\":\"https:\/\/voyagiste-madagascar.com\/#website\",\"url\":\"https:\/\/voyagiste-madagascar.com\/\",\"name\":\"Voyagiste Madagascar\",\"description\":\"Travel Guide &amp; Tips\",\"publisher\":{\"@id\":\"https:\/\/voyagiste-madagascar.com\/#organization\"},\"potentialAction\":[{\"@type\":\"SearchAction\",\"target\":{\"@type\":\"EntryPoint\",\"urlTemplate\":\"https:\/\/voyagiste-madagascar.com\/?s={search_term_string}\"},\"query-input\":\"required name=search_term_string\"}],\"inLanguage\":\"fr-FR\"},{\"@type\":\"Organization\",\"@id\":\"https:\/\/voyagiste-madagascar.com\/#organization\",\"name\":\"Voyagiste Madagascar\",\"url\":\"https:\/\/voyagiste-madagascar.com\/\",\"logo\":{\"@type\":\"ImageObject\",\"inLanguage\":\"fr-FR\",\"@id\":\"https:\/\/voyagiste-madagascar.com\/#\/schema\/logo\/image\/\",\"url\":\"https:\/\/voyagiste-madagascar.com\/wp-content\/uploads\/2017\/01\/cropped-logo.png\",\"contentUrl\":\"https:\/\/voyagiste-madagascar.com\/wp-content\/uploads\/2017\/01\/cropped-logo.png\",\"width\":150,\"height\":60,\"caption\":\"Voyagiste Madagascar\"},\"image\":{\"@id\":\"https:\/\/voyagiste-madagascar.com\/#\/schema\/logo\/image\/\"},\"sameAs\":[\"https:\/\/www.facebook.com\/VMadagascar\/?ref=ts\"]}]}<\/script>\n<!-- \/ Yoast SEO plugin. -->","yoast_head_json":{"title":"\u00c0 propos de nous &#183; Voyagiste Madagascar","robots":{"index":"index","follow":"follow","max-snippet":"max-snippet:-1","max-image-preview":"max-image-preview:large","max-video-preview":"max-video-preview:-1"},"canonical":"https:\/\/voyagiste-madagascar.com\/about\/","og_locale":"fr_FR","og_type":"article","og_title":"\u00c0 propos de nous &#183; Voyagiste Madagascar","og_description":"\u00c0 propos de Voyagiste Madagascar Voyagiste Madagascar est un guide de voyage ind\u00e9pendant consacr\u00e9 \u00e0 l&rsquo;une des \u00eeles les plus extraordinaires du monde. Depuis 2011, nous partageons des articles approfondis sur les parcs naturels,&#46;&#46;&#46;","og_url":"https:\/\/voyagiste-madagascar.com\/about\/","og_site_name":"Voyagiste Madagascar","article_publisher":"https:\/\/www.facebook.com\/VMadagascar\/?ref=ts","article_modified_time":"2026-04-15T02:44:01+00:00","twitter_card":"summary_large_image","twitter_misc":{"Dur\u00e9e de lecture estim\u00e9e":"2 minutes"},"schema":{"@context":"https:\/\/schema.org","@graph":[{"@type":"WebPage","@id":"https:\/\/voyagiste-madagascar.com\/about\/","url":"https:\/\/voyagiste-madagascar.com\/about\/","name":"\u00c0 propos de nous &#183; Voyagiste Madagascar","isPartOf":{"@id":"https:\/\/voyagiste-madagascar.com\/#website"},"datePublished":"2011-01-03T18:58:10+00:00","dateModified":"2026-04-15T02:44:01+00:00","breadcrumb":{"@id":"https:\/\/voyagiste-madagascar.com\/about\/#breadcrumb"},"inLanguage":"fr-FR","potentialAction":[{"@type":"ReadAction","target":["https:\/\/voyagiste-madagascar.com\/about\/"]}]},{"@type":"BreadcrumbList","@id":"https:\/\/voyagiste-madagascar.com\/about\/#breadcrumb","itemListElement":[{"@type":"ListItem","position":1,"name":"Home","item":"https:\/\/voyagiste-madagascar.com\/"},{"@type":"ListItem","position":2,"name":"\u00c0 propos de nous"}]},{"@type":"WebSite","@id":"https:\/\/voyagiste-madagascar.com\/#website","url":"https:\/\/voyagiste-madagascar.com\/","name":"Voyagiste Madagascar","description":"Travel Guide &amp; Tips","publisher":{"@id":"https:\/\/voyagiste-madagascar.com\/#organization"},"potentialAction":[{"@type":"SearchAction","target":{"@type":"EntryPoint","urlTemplate":"https:\/\/voyagiste-madagascar.com\/?s={search_term_string}"},"query-input":"required name=search_term_string"}],"inLanguage":"fr-FR"},{"@type":"Organization","@id":"https:\/\/voyagiste-madagascar.com\/#organization","name":"Voyagiste Madagascar","url":"https:\/\/voyagiste-madagascar.com\/","logo":{"@type":"ImageObject","inLanguage":"fr-FR","@id":"https:\/\/voyagiste-madagascar.com\/#\/schema\/logo\/image\/","url":"https:\/\/voyagiste-madagascar.com\/wp-content\/uploads\/2017\/01\/cropped-logo.png","contentUrl":"https:\/\/voyagiste-madagascar.com\/wp-content\/uploads\/2017\/01\/cropped-logo.png","width":150,"height":60,"caption":"Voyagiste Madagascar"},"image":{"@id":"https:\/\/voyagiste-madagascar.com\/#\/schema\/logo\/image\/"},"sameAs":["https:\/\/www.facebook.com\/VMadagascar\/?ref=ts"]}]}},"_links":{"self":[{"href":"https:\/\/voyagiste-madagascar.com\/fr\/wp-json\/wp\/v2\/pages\/2"}],"collection":[{"href":"https:\/\/voyagiste-madagascar.com\/fr\/wp-json\/wp\/v2\/pages"}],"about":[{"href":"https:\/\/voyagiste-madagascar.com\/fr\/wp-json\/wp\/v2\/types\/page"}],"author":[{"embeddable":true,"href":"https:\/\/voyagiste-madagascar.com\/fr\/wp-json\/wp\/v2\/users\/1"}],"replies":[{"embeddable":true,"href":"https:\/\/voyagiste-madagascar.com\/fr\/wp-json\/wp\/v2\/comments?post=2"}],"version-history":[{"count":17,"href":"https:\/\/voyagiste-madagascar.com\/fr\/wp-json\/wp\/v2\/pages\/2\/revisions"}],"predecessor-version":[{"id":5282,"href":"https:\/\/voyagiste-madagascar.com\/fr\/wp-json\/wp\/v2\/pages\/2\/revisions\/5282"}],"wp:attachment":[{"href":"https:\/\/voyagiste-madagascar.com\/fr\/wp-json\/wp\/v2\/media?parent=2"}],"curies":[{"name":"wp","href":"https:\/\/api.w.org\/{rel}","templated":true}]}}