{"id":39,"date":"2011-01-05T00:13:35","date_gmt":"2011-01-05T00:13:35","guid":{"rendered":"http:\/\/voyagiste-madagascar.com\/?page_id=39"},"modified":"2011-02-13T06:20:20","modified_gmt":"2011-02-13T06:20:20","slug":"histoire","status":"publish","type":"page","link":"https:\/\/voyagiste-madagascar.com\/fr\/decouvrir-madagascar\/histoire\/","title":{"rendered":"Histoire"},"content":{"rendered":"<div id=\"_mcePaste\">La tradition orale veut que les Vazimba soient les premiers habitants de l&rsquo;\u00cele de Madagascar depuis la nuit des temps. De leur c\u00f4t\u00e9, les historiens pensent que la Grande \u00cele semble n&rsquo;avoir \u00e9t\u00e9 occup\u00e9e par l&rsquo;homme que tardivement, il y a environ 1500 ans. Les premiers arriv\u00e9s seraient originaires de l&rsquo;Indon\u00e9sie, plus pr\u00e9cis\u00e9ment du sud de l&rsquo;\u00eele de Born\u00e9o \u00e9galement appel\u00e9 Kalimantan.<\/div>\n<div id=\"_mcePaste\">\n<div id=\"attachment_276\" style=\"width: 210px\" class=\"wp-caption alignright\"><a href=\"http:\/\/voyagiste-madagascar.com\/wp-content\/uploads\/2011\/01\/carte-1747-mada.jpg\"><img loading=\"lazy\" decoding=\"async\" aria-describedby=\"caption-attachment-276\" class=\"size-full wp-image-276\" title=\"carte de Madagascar en 1747\" src=\"http:\/\/voyagiste-madagascar.com\/wp-content\/uploads\/2011\/01\/carte-1747-mada.jpg\" alt=\"carte de Madagascar en 1747\" width=\"200\" height=\"263\" \/><\/a><p id=\"caption-attachment-276\" class=\"wp-caption-text\">carte de Madagascar en 1747<\/p><\/div>\n<p>La langue malgache est d&rsquo;ailleurs tr\u00e8s apparent\u00e9e aux langues pratiqu\u00e9es par les peuples malayo-polyn\u00e9siens. L&rsquo;\u00cele accueillit ensuite des populations bantoues venues d&rsquo;Afrique, des commer\u00e7ants d&rsquo;\u00e9pices venant du Moyen-Orient, et des navigateurs portugais.<\/p>\n<\/div>\n<div id=\"_mcePaste\">L&rsquo;histoire de l&rsquo;\u00cele pendant le premier mill\u00e9naire reste encore floue. Cependant, il semble que les actuelles ethnies autochtones de Madagascar ont \u00e9tabli leurs r oyaumes respectifs au d\u00e9but du second mill\u00e9naire. Ce n&rsquo;est que vers le d\u00e9but du XIX\u00e8me si\u00e8cle que Le royaume de Madagascar prend place sous l&rsquo;unification du roi Andrianampoinimerina.<\/div>\n<div id=\"_mcePaste\">Le royaume se transforme tout au long du si\u00e8cle donnant lieu \u00e0 l&rsquo;introduction de l&rsquo;\u00e9criture, de l&rsquo;industrialisation, du premier h\u00f4pital et de l&rsquo;\u00e9cole de m\u00e9decine (1864), des journaux et des \u00e9coles, tout en conservant la tradition orale.<\/div>\n<div id=\"_mcePaste\">Le 17 d\u00e9cembre 1885, la reine Ranavalona III signe un trait\u00e9 d&rsquo;alliance franco-malgache qui permet \u00e0 la France d&rsquo;exercer son imp\u00e9rialisme \u00e0 Madagascar devan\u00e7ant ainsi l&rsquo;Angleterre.<\/div>\n<div id=\"_mcePaste\">Pr\u00e9textant des d\u00e9saccords sur l&rsquo;application de ce trait\u00e9, les fran\u00e7ais envahissent l&rsquo;\u00cele en 1895 et en deviennent les colonisateurs d\u00e8s 1896.<\/div>\n<div id=\"_mcePaste\">Madagascar obtint officiellement son ind\u00e9pendance le 26 juin 1960. Pourtant, il faudra attendre la r\u00e9volte de 1972 pour que le pays soit r\u00e9ellement lib\u00e9r\u00e9 des influences fran\u00e7aises.<\/div>\n<div id=\"_mcePaste\">Actuellement, la R\u00e9publique de Madagascar traverse une crise politique aux aires de d\u00e9javu opposant cette fois-ci le pr\u00e9sident Marc Ravalomanana et le maire d\u00e9chu de la capitale Andry Rajoelina.<\/div>\n<p>La tradition orale veut que les Vazimba soient les premiers habitants de l&rsquo;\u00cele de Madagascar depuis la nuit des temps. De leur c\u00f4t\u00e9, les historiens pensent que la Grande \u00cele semble n&rsquo;avoir \u00e9t\u00e9 occup\u00e9e par l&rsquo;homme que tardivement, il y a environ 1500 ans. Les premiers arriv\u00e9s seraient originaires de l&rsquo;Indon\u00e9sie, plus pr\u00e9cis\u00e9ment du sud de l&rsquo;\u00eele de Born\u00e9o \u00e9galement appel\u00e9 Kalimantan.La langue malgache est d&rsquo;ailleurs tr\u00e8s apparent\u00e9e aux langues pratiqu\u00e9es par les peuples malayo-polyn\u00e9siens. L&rsquo;\u00cele accueillit ensuite des populations bantoues venues d&rsquo;Afrique, des commer\u00e7ants d&rsquo;\u00e9pices venant du Moyen-Orient, et des navigateurs portugais.L&rsquo;histoire de l&rsquo;\u00cele pendant le premier mill\u00e9naire reste encore floue. Cependant, il semble que les actuelles ethnies autochtones de Madagascar ont \u00e9tabli leurs r oyaumes respectifs au d\u00e9but du second mill\u00e9naire. Ce n&rsquo;est que vers le d\u00e9but du XIX\u00e8me si\u00e8cle que Le royaume de Madagascar prend place sous l&rsquo;unification du roi Andrianampoinimerina.<\/p>\n<div id=\"attachment_277\" style=\"width: 140px\" class=\"wp-caption alignleft\"><a href=\"http:\/\/voyagiste-madagascar.com\/wp-content\/uploads\/2011\/01\/Radama1.gif\"><img loading=\"lazy\" decoding=\"async\" aria-describedby=\"caption-attachment-277\" class=\"size-full wp-image-277\" title=\"Radama1\" src=\"http:\/\/voyagiste-madagascar.com\/wp-content\/uploads\/2011\/01\/Radama1.gif\" alt=\"Radama1\" width=\"130\" height=\"208\" \/><\/a><p id=\"caption-attachment-277\" class=\"wp-caption-text\">Radama1<\/p><\/div>\n<p>Le royaume se transforme tout au long du si\u00e8cle donnant lieu \u00e0 l&rsquo;introduction de l&rsquo;\u00e9criture, de l&rsquo;industrialisation, du premier h\u00f4pital et de l&rsquo;\u00e9cole de m\u00e9decine (1864), des journaux et des \u00e9coles, tout en conservant la tradition orale.Le 17 d\u00e9cembre 1885, la reine Ranavalona III signe un trait\u00e9 d&rsquo;alliance franco-malgache qui permet \u00e0 la France d&rsquo;exercer son imp\u00e9rialisme \u00e0 Madagascar devan\u00e7ant ainsi l&rsquo;Angleterre.Pr\u00e9textant des d\u00e9saccords sur l&rsquo;application de ce trait\u00e9, les fran\u00e7ais envahissent l&rsquo;\u00cele en 1895 et en deviennent les colonisateurs d\u00e8s 1896.Madagascar obtint officiellement son ind\u00e9pendance le 26 juin 1960. Pourtant, il faudra attendre la r\u00e9volte de 1972 pour que le pays soit r\u00e9ellement lib\u00e9r\u00e9 des influences fran\u00e7aises.Actuellement, la R\u00e9publique de Madagascar traverse une crise politique aux aires de d\u00e9javu opposant cette fois-ci le pr\u00e9sident Marc Ravalomanana et le maire d\u00e9chu de la capitale Andry Rajoelina.<\/p>\n","protected":false},"excerpt":{"rendered":"<p>La tradition orale veut que les Vazimba soient les premiers habitants de l&rsquo;\u00cele de Madagascar depuis la nuit des temps. De leur c\u00f4t\u00e9, les historiens pensent que la Grande \u00cele semble n&rsquo;avoir \u00e9t\u00e9 occup\u00e9e&#46;&#46;&#46;<\/p>\n","protected":false},"author":1,"featured_media":0,"parent":25,"menu_order":0,"comment_status":"closed","ping_status":"closed","template":"","meta":{"ngg_post_thumbnail":0,"footnotes":""},"yoast_head":"<!-- This site is optimized with the Yoast SEO plugin v22.1 - https:\/\/yoast.com\/wordpress\/plugins\/seo\/ -->\n<title>Histoire &#183; Voyagiste Madagascar<\/title>\n<meta name=\"robots\" content=\"index, follow, max-snippet:-1, max-image-preview:large, max-video-preview:-1\" \/>\n<link rel=\"canonical\" href=\"https:\/\/voyagiste-madagascar.com\/decouvrir-madagascar\/histoire\/\" \/>\n<meta property=\"og:locale\" content=\"fr_FR\" \/>\n<meta property=\"og:type\" content=\"article\" \/>\n<meta property=\"og:title\" content=\"Histoire &#183; Voyagiste Madagascar\" \/>\n<meta property=\"og:description\" content=\"La tradition orale veut que les Vazimba soient les premiers habitants de l&rsquo;\u00cele de Madagascar depuis la nuit des temps. De leur c\u00f4t\u00e9, les historiens pensent que la Grande \u00cele semble n&rsquo;avoir \u00e9t\u00e9 occup\u00e9e&#046;&#046;&#046;\" \/>\n<meta property=\"og:url\" content=\"https:\/\/voyagiste-madagascar.com\/decouvrir-madagascar\/histoire\/\" \/>\n<meta property=\"og:site_name\" content=\"Voyagiste Madagascar\" \/>\n<meta property=\"article:publisher\" content=\"https:\/\/www.facebook.com\/VMadagascar\/?ref=ts\" \/>\n<meta property=\"article:modified_time\" content=\"2011-02-13T06:20:20+00:00\" \/>\n<meta property=\"og:image\" content=\"http:\/\/voyagiste-madagascar.com\/wp-content\/uploads\/2011\/01\/carte-1747-mada.jpg\" \/>\n<meta name=\"twitter:card\" content=\"summary_large_image\" \/>\n<meta name=\"twitter:label1\" content=\"Dur\u00e9e de lecture estim\u00e9e\" \/>\n\t<meta name=\"twitter:data1\" content=\"3 minutes\" \/>\n<script type=\"application\/ld+json\" class=\"yoast-schema-graph\">{\"@context\":\"https:\/\/schema.org\",\"@graph\":[{\"@type\":\"WebPage\",\"@id\":\"https:\/\/voyagiste-madagascar.com\/decouvrir-madagascar\/histoire\/\",\"url\":\"https:\/\/voyagiste-madagascar.com\/decouvrir-madagascar\/histoire\/\",\"name\":\"Histoire &#183; Voyagiste Madagascar\",\"isPartOf\":{\"@id\":\"https:\/\/voyagiste-madagascar.com\/#website\"},\"datePublished\":\"2011-01-05T00:13:35+00:00\",\"dateModified\":\"2011-02-13T06:20:20+00:00\",\"breadcrumb\":{\"@id\":\"https:\/\/voyagiste-madagascar.com\/decouvrir-madagascar\/histoire\/#breadcrumb\"},\"inLanguage\":\"fr-FR\",\"potentialAction\":[{\"@type\":\"ReadAction\",\"target\":[\"https:\/\/voyagiste-madagascar.com\/decouvrir-madagascar\/histoire\/\"]}]},{\"@type\":\"BreadcrumbList\",\"@id\":\"https:\/\/voyagiste-madagascar.com\/decouvrir-madagascar\/histoire\/#breadcrumb\",\"itemListElement\":[{\"@type\":\"ListItem\",\"position\":1,\"name\":\"Home\",\"item\":\"https:\/\/voyagiste-madagascar.com\/\"},{\"@type\":\"ListItem\",\"position\":2,\"name\":\"D\u00e9couvrir Madagascar\",\"item\":\"https:\/\/voyagiste-madagascar.com\/fr\/decouvrir-madagascar\/\"},{\"@type\":\"ListItem\",\"position\":3,\"name\":\"Histoire\"}]},{\"@type\":\"WebSite\",\"@id\":\"https:\/\/voyagiste-madagascar.com\/#website\",\"url\":\"https:\/\/voyagiste-madagascar.com\/\",\"name\":\"Voyagiste Madagascar\",\"description\":\"Travel Guide &amp; Tips\",\"publisher\":{\"@id\":\"https:\/\/voyagiste-madagascar.com\/#organization\"},\"potentialAction\":[{\"@type\":\"SearchAction\",\"target\":{\"@type\":\"EntryPoint\",\"urlTemplate\":\"https:\/\/voyagiste-madagascar.com\/?s={search_term_string}\"},\"query-input\":\"required name=search_term_string\"}],\"inLanguage\":\"fr-FR\"},{\"@type\":\"Organization\",\"@id\":\"https:\/\/voyagiste-madagascar.com\/#organization\",\"name\":\"Voyagiste Madagascar\",\"url\":\"https:\/\/voyagiste-madagascar.com\/\",\"logo\":{\"@type\":\"ImageObject\",\"inLanguage\":\"fr-FR\",\"@id\":\"https:\/\/voyagiste-madagascar.com\/#\/schema\/logo\/image\/\",\"url\":\"https:\/\/voyagiste-madagascar.com\/wp-content\/uploads\/2017\/01\/cropped-logo.png\",\"contentUrl\":\"https:\/\/voyagiste-madagascar.com\/wp-content\/uploads\/2017\/01\/cropped-logo.png\",\"width\":150,\"height\":60,\"caption\":\"Voyagiste Madagascar\"},\"image\":{\"@id\":\"https:\/\/voyagiste-madagascar.com\/#\/schema\/logo\/image\/\"},\"sameAs\":[\"https:\/\/www.facebook.com\/VMadagascar\/?ref=ts\"]}]}<\/script>\n<!-- \/ Yoast SEO plugin. -->","yoast_head_json":{"title":"Histoire &#183; Voyagiste Madagascar","robots":{"index":"index","follow":"follow","max-snippet":"max-snippet:-1","max-image-preview":"max-image-preview:large","max-video-preview":"max-video-preview:-1"},"canonical":"https:\/\/voyagiste-madagascar.com\/decouvrir-madagascar\/histoire\/","og_locale":"fr_FR","og_type":"article","og_title":"Histoire &#183; Voyagiste Madagascar","og_description":"La tradition orale veut que les Vazimba soient les premiers habitants de l&rsquo;\u00cele de Madagascar depuis la nuit des temps. De leur c\u00f4t\u00e9, les historiens pensent que la Grande \u00cele semble n&rsquo;avoir \u00e9t\u00e9 occup\u00e9e&#46;&#46;&#46;","og_url":"https:\/\/voyagiste-madagascar.com\/decouvrir-madagascar\/histoire\/","og_site_name":"Voyagiste Madagascar","article_publisher":"https:\/\/www.facebook.com\/VMadagascar\/?ref=ts","article_modified_time":"2011-02-13T06:20:20+00:00","og_image":[{"url":"http:\/\/voyagiste-madagascar.com\/wp-content\/uploads\/2011\/01\/carte-1747-mada.jpg"}],"twitter_card":"summary_large_image","twitter_misc":{"Dur\u00e9e de lecture estim\u00e9e":"3 minutes"},"schema":{"@context":"https:\/\/schema.org","@graph":[{"@type":"WebPage","@id":"https:\/\/voyagiste-madagascar.com\/decouvrir-madagascar\/histoire\/","url":"https:\/\/voyagiste-madagascar.com\/decouvrir-madagascar\/histoire\/","name":"Histoire &#183; Voyagiste Madagascar","isPartOf":{"@id":"https:\/\/voyagiste-madagascar.com\/#website"},"datePublished":"2011-01-05T00:13:35+00:00","dateModified":"2011-02-13T06:20:20+00:00","breadcrumb":{"@id":"https:\/\/voyagiste-madagascar.com\/decouvrir-madagascar\/histoire\/#breadcrumb"},"inLanguage":"fr-FR","potentialAction":[{"@type":"ReadAction","target":["https:\/\/voyagiste-madagascar.com\/decouvrir-madagascar\/histoire\/"]}]},{"@type":"BreadcrumbList","@id":"https:\/\/voyagiste-madagascar.com\/decouvrir-madagascar\/histoire\/#breadcrumb","itemListElement":[{"@type":"ListItem","position":1,"name":"Home","item":"https:\/\/voyagiste-madagascar.com\/"},{"@type":"ListItem","position":2,"name":"D\u00e9couvrir Madagascar","item":"https:\/\/voyagiste-madagascar.com\/fr\/decouvrir-madagascar\/"},{"@type":"ListItem","position":3,"name":"Histoire"}]},{"@type":"WebSite","@id":"https:\/\/voyagiste-madagascar.com\/#website","url":"https:\/\/voyagiste-madagascar.com\/","name":"Voyagiste Madagascar","description":"Travel Guide &amp; Tips","publisher":{"@id":"https:\/\/voyagiste-madagascar.com\/#organization"},"potentialAction":[{"@type":"SearchAction","target":{"@type":"EntryPoint","urlTemplate":"https:\/\/voyagiste-madagascar.com\/?s={search_term_string}"},"query-input":"required name=search_term_string"}],"inLanguage":"fr-FR"},{"@type":"Organization","@id":"https:\/\/voyagiste-madagascar.com\/#organization","name":"Voyagiste Madagascar","url":"https:\/\/voyagiste-madagascar.com\/","logo":{"@type":"ImageObject","inLanguage":"fr-FR","@id":"https:\/\/voyagiste-madagascar.com\/#\/schema\/logo\/image\/","url":"https:\/\/voyagiste-madagascar.com\/wp-content\/uploads\/2017\/01\/cropped-logo.png","contentUrl":"https:\/\/voyagiste-madagascar.com\/wp-content\/uploads\/2017\/01\/cropped-logo.png","width":150,"height":60,"caption":"Voyagiste Madagascar"},"image":{"@id":"https:\/\/voyagiste-madagascar.com\/#\/schema\/logo\/image\/"},"sameAs":["https:\/\/www.facebook.com\/VMadagascar\/?ref=ts"]}]}},"_links":{"self":[{"href":"https:\/\/voyagiste-madagascar.com\/fr\/wp-json\/wp\/v2\/pages\/39"}],"collection":[{"href":"https:\/\/voyagiste-madagascar.com\/fr\/wp-json\/wp\/v2\/pages"}],"about":[{"href":"https:\/\/voyagiste-madagascar.com\/fr\/wp-json\/wp\/v2\/types\/page"}],"author":[{"embeddable":true,"href":"https:\/\/voyagiste-madagascar.com\/fr\/wp-json\/wp\/v2\/users\/1"}],"replies":[{"embeddable":true,"href":"https:\/\/voyagiste-madagascar.com\/fr\/wp-json\/wp\/v2\/comments?post=39"}],"version-history":[{"count":10,"href":"https:\/\/voyagiste-madagascar.com\/fr\/wp-json\/wp\/v2\/pages\/39\/revisions"}],"predecessor-version":[{"id":473,"href":"https:\/\/voyagiste-madagascar.com\/fr\/wp-json\/wp\/v2\/pages\/39\/revisions\/473"}],"up":[{"embeddable":true,"href":"https:\/\/voyagiste-madagascar.com\/fr\/wp-json\/wp\/v2\/pages\/25"}],"wp:attachment":[{"href":"https:\/\/voyagiste-madagascar.com\/fr\/wp-json\/wp\/v2\/media?parent=39"}],"curies":[{"name":"wp","href":"https:\/\/api.w.org\/{rel}","templated":true}]}}