{"id":45,"date":"2011-01-05T00:20:33","date_gmt":"2011-01-05T00:20:33","guid":{"rendered":"http:\/\/voyagiste-madagascar.com\/?page_id=45"},"modified":"2011-02-13T06:22:48","modified_gmt":"2011-02-13T06:22:48","slug":"provinces-et-regions","status":"publish","type":"page","link":"https:\/\/voyagiste-madagascar.com\/fr\/decouvrir-madagascar\/provinces-et-regions\/","title":{"rendered":"Provinces et r\u00e9gions"},"content":{"rendered":"<!--CusAds--><div id=\"_mcePaste\">Madagascar compte six provinces :<\/div>\n<div id=\"_mcePaste\">&#8211; Antsiranana (Diego-Suarez)<\/div>\n<div id=\"_mcePaste\">&#8211; Antananarivo (Tananarive &#8211; la capitale),<\/div>\n<div id=\"_mcePaste\">&#8211; Mahajanga (Majunga),<\/div>\n<div id=\"_mcePaste\">&#8211; Toamasina (Tamatave),<\/div>\n<div id=\"_mcePaste\">&#8211; Fianarantsoa<\/div>\n<div id=\"_mcePaste\">&#8211; and Tulear.<\/p><!--CusAds-->\n<div id=\"attachment_282\" style=\"width: 180px\" class=\"wp-caption aligncenter\"><a href=\"http:\/\/voyagiste-madagascar.com\/wp-content\/uploads\/2011\/01\/250px-madagascar-regions1.png\"><img loading=\"lazy\" decoding=\"async\" aria-describedby=\"caption-attachment-282\" class=\"size-medium wp-image-282\" title=\"250px-madagascar-regions\" src=\"http:\/\/voyagiste-madagascar.com\/wp-content\/uploads\/2011\/01\/250px-madagascar-regions1-170x300.png\" alt=\"250px-madagascar-regions\" width=\"170\" height=\"300\" srcset=\"https:\/\/voyagiste-madagascar.com\/wp-content\/uploads\/2011\/01\/250px-madagascar-regions1-170x300.png 170w, https:\/\/voyagiste-madagascar.com\/wp-content\/uploads\/2011\/01\/250px-madagascar-regions1.png 250w\" sizes=\"(max-width: 170px) 100vw, 170px\" \/><\/a><p id=\"caption-attachment-282\" class=\"wp-caption-text\">Carte r\u00e9gions<\/p><\/div>\n<\/div>\n<div id=\"_mcePaste\">Mais depuis avril 2007, ces provinces ont \u00e9t\u00e9 d\u00e9coup\u00e9s en 22 r\u00e9gions nomm\u00e9es en fonction de leur capitale :<\/div>\n<div id=\"_mcePaste\">1: Diana<\/div>\n<div id=\"_mcePaste\">2: Sava<\/div>\n<div id=\"_mcePaste\">3: Itasy<\/div>\n<div id=\"_mcePaste\">4: Analamanga<\/div>\n<div id=\"_mcePaste\">5: Vakinankaratra<\/div>\n<div id=\"_mcePaste\">6: Bongolava<\/div>\n<div id=\"_mcePaste\">7: Sofia<\/div>\n<div id=\"_mcePaste\">8: Boeny<\/div>\n<div id=\"_mcePaste\">9: Betsiboka<\/div>\n<div id=\"_mcePaste\">10: Melaky<\/div>\n<div id=\"_mcePaste\">11: Alaotra-Mangoro<\/div>\n<div id=\"_mcePaste\">12: Atsinanana<\/div>\n<div id=\"_mcePaste\">13: Analanjirofo<\/div>\n<div id=\"_mcePaste\">14: Amoron\u00a0\u00bbi Mania<\/div>\n<div id=\"_mcePaste\">15: Haute Matsiatra<\/div>\n<div id=\"_mcePaste\">16: Vatovavy Fitovinany<\/div>\n<div id=\"_mcePaste\">17: Atsimo-Atsinana<\/div>\n<div id=\"_mcePaste\">18: Ihorombe<\/div>\n<div id=\"_mcePaste\">19: Menabe<\/div>\n<div id=\"_mcePaste\">20: Atsimo-Andrefanaa<\/div>\n<div id=\"_mcePaste\">21: Androy<\/div>\n<div id=\"_mcePaste\">22: Anosy<\/div>\n<div id=\"_mcePaste\">Source carte : wikipedia<\/div>\n<p>Madagascar compte six provinces :- Antsiranana (Diego-Suarez)- Antananarivo (Tananarive &#8211; la capitale),- Mahajanga (Majunga),- Toamasina (Tamatave),- Fianarantsoa- and Tulear.Mais depuis avril 2007, ces provinces ont \u00e9t\u00e9 d\u00e9coup\u00e9s en 22 r\u00e9gions nomm\u00e9es en fonction de leur capitale :1: Diana2: Sava3: Itasy4: Analamanga5: Vakinankaratra6: Bongolava7: Sofia8: Boeny9: Betsiboka10: Melaky11: Alaotra-Mangoro12: Atsinanana13: Analanjirofo14: Amoron\u00a0\u00bbi Mania15: Haute Matsiatra16: Vatovavy Fitovinany17: Atsimo-Atsinana18: Ihorombe19: Menabe20: Atsimo-Andrefanaa21: Androy22: AnosySource carte : wikipedia<\/p>\n<!--CusAds-->\n<div style=\"font-size: 0px; height: 0px; line-height: 0px; margin: 0; padding: 0; clear: both;\"><\/div>","protected":false},"excerpt":{"rendered":"<p>Madagascar compte six provinces : &#8211; Antsiranana (Diego-Suarez) &#8211; Antananarivo (Tananarive &#8211; la capitale), &#8211; Mahajanga (Majunga), &#8211; Toamasina (Tamatave), &#8211; Fianarantsoa &#8211; and Tulear. Mais depuis avril 2007, ces provinces ont \u00e9t\u00e9 d\u00e9coup\u00e9s&#46;&#46;&#46;<\/p>\n","protected":false},"author":1,"featured_media":0,"parent":25,"menu_order":0,"comment_status":"closed","ping_status":"closed","template":"","meta":{"ngg_post_thumbnail":0,"footnotes":""},"yoast_head":"<!-- This site is optimized with the Yoast SEO plugin v22.1 - https:\/\/yoast.com\/wordpress\/plugins\/seo\/ -->\n<title>Provinces et r\u00e9gions &#183; Voyagiste Madagascar<\/title>\n<meta name=\"robots\" content=\"index, follow, max-snippet:-1, max-image-preview:large, max-video-preview:-1\" \/>\n<link rel=\"canonical\" href=\"https:\/\/voyagiste-madagascar.com\/decouvrir-madagascar\/provinces-et-regions\/\" \/>\n<meta property=\"og:locale\" content=\"fr_FR\" \/>\n<meta property=\"og:type\" content=\"article\" \/>\n<meta property=\"og:title\" content=\"Provinces et r\u00e9gions &#183; Voyagiste Madagascar\" \/>\n<meta property=\"og:description\" content=\"Madagascar compte six provinces : &#8211; Antsiranana (Diego-Suarez) &#8211; Antananarivo (Tananarive &#8211; la capitale), &#8211; Mahajanga (Majunga), &#8211; Toamasina (Tamatave), &#8211; Fianarantsoa &#8211; and Tulear. Mais depuis avril 2007, ces provinces ont \u00e9t\u00e9 d\u00e9coup\u00e9s&#046;&#046;&#046;\" \/>\n<meta property=\"og:url\" content=\"https:\/\/voyagiste-madagascar.com\/decouvrir-madagascar\/provinces-et-regions\/\" \/>\n<meta property=\"og:site_name\" content=\"Voyagiste Madagascar\" \/>\n<meta property=\"article:publisher\" content=\"https:\/\/www.facebook.com\/VMadagascar\/?ref=ts\" \/>\n<meta property=\"article:modified_time\" content=\"2011-02-13T06:22:48+00:00\" \/>\n<meta property=\"og:image\" content=\"http:\/\/voyagiste-madagascar.com\/wp-content\/uploads\/2011\/01\/250px-madagascar-regions1-170x300.png\" \/>\n<meta name=\"twitter:card\" content=\"summary_large_image\" \/>\n<meta name=\"twitter:label1\" content=\"Dur\u00e9e de lecture estim\u00e9e\" \/>\n\t<meta name=\"twitter:data1\" content=\"1 minute\" \/>\n<script type=\"application\/ld+json\" class=\"yoast-schema-graph\">{\"@context\":\"https:\/\/schema.org\",\"@graph\":[{\"@type\":\"WebPage\",\"@id\":\"https:\/\/voyagiste-madagascar.com\/decouvrir-madagascar\/provinces-et-regions\/\",\"url\":\"https:\/\/voyagiste-madagascar.com\/decouvrir-madagascar\/provinces-et-regions\/\",\"name\":\"Provinces et r\u00e9gions &#183; Voyagiste Madagascar\",\"isPartOf\":{\"@id\":\"https:\/\/voyagiste-madagascar.com\/#website\"},\"datePublished\":\"2011-01-05T00:20:33+00:00\",\"dateModified\":\"2011-02-13T06:22:48+00:00\",\"breadcrumb\":{\"@id\":\"https:\/\/voyagiste-madagascar.com\/decouvrir-madagascar\/provinces-et-regions\/#breadcrumb\"},\"inLanguage\":\"fr-FR\",\"potentialAction\":[{\"@type\":\"ReadAction\",\"target\":[\"https:\/\/voyagiste-madagascar.com\/decouvrir-madagascar\/provinces-et-regions\/\"]}]},{\"@type\":\"BreadcrumbList\",\"@id\":\"https:\/\/voyagiste-madagascar.com\/decouvrir-madagascar\/provinces-et-regions\/#breadcrumb\",\"itemListElement\":[{\"@type\":\"ListItem\",\"position\":1,\"name\":\"Home\",\"item\":\"https:\/\/voyagiste-madagascar.com\/\"},{\"@type\":\"ListItem\",\"position\":2,\"name\":\"D\u00e9couvrir Madagascar\",\"item\":\"https:\/\/voyagiste-madagascar.com\/fr\/decouvrir-madagascar\/\"},{\"@type\":\"ListItem\",\"position\":3,\"name\":\"Provinces et r\u00e9gions\"}]},{\"@type\":\"WebSite\",\"@id\":\"https:\/\/voyagiste-madagascar.com\/#website\",\"url\":\"https:\/\/voyagiste-madagascar.com\/\",\"name\":\"Voyagiste Madagascar\",\"description\":\"Voyagiste Madagascar\",\"publisher\":{\"@id\":\"https:\/\/voyagiste-madagascar.com\/#organization\"},\"potentialAction\":[{\"@type\":\"SearchAction\",\"target\":{\"@type\":\"EntryPoint\",\"urlTemplate\":\"https:\/\/voyagiste-madagascar.com\/?s={search_term_string}\"},\"query-input\":\"required name=search_term_string\"}],\"inLanguage\":\"fr-FR\"},{\"@type\":\"Organization\",\"@id\":\"https:\/\/voyagiste-madagascar.com\/#organization\",\"name\":\"Voyagiste Madagascar\",\"url\":\"https:\/\/voyagiste-madagascar.com\/\",\"logo\":{\"@type\":\"ImageObject\",\"inLanguage\":\"fr-FR\",\"@id\":\"https:\/\/voyagiste-madagascar.com\/#\/schema\/logo\/image\/\",\"url\":\"https:\/\/voyagiste-madagascar.com\/wp-content\/uploads\/2017\/01\/cropped-logo.png\",\"contentUrl\":\"https:\/\/voyagiste-madagascar.com\/wp-content\/uploads\/2017\/01\/cropped-logo.png\",\"width\":150,\"height\":60,\"caption\":\"Voyagiste Madagascar\"},\"image\":{\"@id\":\"https:\/\/voyagiste-madagascar.com\/#\/schema\/logo\/image\/\"},\"sameAs\":[\"https:\/\/www.facebook.com\/VMadagascar\/?ref=ts\"]}]}<\/script>\n<!-- \/ Yoast SEO plugin. -->","yoast_head_json":{"title":"Provinces et r\u00e9gions &#183; Voyagiste Madagascar","robots":{"index":"index","follow":"follow","max-snippet":"max-snippet:-1","max-image-preview":"max-image-preview:large","max-video-preview":"max-video-preview:-1"},"canonical":"https:\/\/voyagiste-madagascar.com\/decouvrir-madagascar\/provinces-et-regions\/","og_locale":"fr_FR","og_type":"article","og_title":"Provinces et r\u00e9gions &#183; Voyagiste Madagascar","og_description":"Madagascar compte six provinces : &#8211; Antsiranana (Diego-Suarez) &#8211; Antananarivo (Tananarive &#8211; la capitale), &#8211; Mahajanga (Majunga), &#8211; Toamasina (Tamatave), &#8211; Fianarantsoa &#8211; and Tulear. Mais depuis avril 2007, ces provinces ont \u00e9t\u00e9 d\u00e9coup\u00e9s&#46;&#46;&#46;","og_url":"https:\/\/voyagiste-madagascar.com\/decouvrir-madagascar\/provinces-et-regions\/","og_site_name":"Voyagiste Madagascar","article_publisher":"https:\/\/www.facebook.com\/VMadagascar\/?ref=ts","article_modified_time":"2011-02-13T06:22:48+00:00","og_image":[{"url":"http:\/\/voyagiste-madagascar.com\/wp-content\/uploads\/2011\/01\/250px-madagascar-regions1-170x300.png"}],"twitter_card":"summary_large_image","twitter_misc":{"Dur\u00e9e de lecture estim\u00e9e":"1 minute"},"schema":{"@context":"https:\/\/schema.org","@graph":[{"@type":"WebPage","@id":"https:\/\/voyagiste-madagascar.com\/decouvrir-madagascar\/provinces-et-regions\/","url":"https:\/\/voyagiste-madagascar.com\/decouvrir-madagascar\/provinces-et-regions\/","name":"Provinces et r\u00e9gions &#183; Voyagiste Madagascar","isPartOf":{"@id":"https:\/\/voyagiste-madagascar.com\/#website"},"datePublished":"2011-01-05T00:20:33+00:00","dateModified":"2011-02-13T06:22:48+00:00","breadcrumb":{"@id":"https:\/\/voyagiste-madagascar.com\/decouvrir-madagascar\/provinces-et-regions\/#breadcrumb"},"inLanguage":"fr-FR","potentialAction":[{"@type":"ReadAction","target":["https:\/\/voyagiste-madagascar.com\/decouvrir-madagascar\/provinces-et-regions\/"]}]},{"@type":"BreadcrumbList","@id":"https:\/\/voyagiste-madagascar.com\/decouvrir-madagascar\/provinces-et-regions\/#breadcrumb","itemListElement":[{"@type":"ListItem","position":1,"name":"Home","item":"https:\/\/voyagiste-madagascar.com\/"},{"@type":"ListItem","position":2,"name":"D\u00e9couvrir Madagascar","item":"https:\/\/voyagiste-madagascar.com\/fr\/decouvrir-madagascar\/"},{"@type":"ListItem","position":3,"name":"Provinces et r\u00e9gions"}]},{"@type":"WebSite","@id":"https:\/\/voyagiste-madagascar.com\/#website","url":"https:\/\/voyagiste-madagascar.com\/","name":"Voyagiste Madagascar","description":"Voyagiste Madagascar","publisher":{"@id":"https:\/\/voyagiste-madagascar.com\/#organization"},"potentialAction":[{"@type":"SearchAction","target":{"@type":"EntryPoint","urlTemplate":"https:\/\/voyagiste-madagascar.com\/?s={search_term_string}"},"query-input":"required name=search_term_string"}],"inLanguage":"fr-FR"},{"@type":"Organization","@id":"https:\/\/voyagiste-madagascar.com\/#organization","name":"Voyagiste Madagascar","url":"https:\/\/voyagiste-madagascar.com\/","logo":{"@type":"ImageObject","inLanguage":"fr-FR","@id":"https:\/\/voyagiste-madagascar.com\/#\/schema\/logo\/image\/","url":"https:\/\/voyagiste-madagascar.com\/wp-content\/uploads\/2017\/01\/cropped-logo.png","contentUrl":"https:\/\/voyagiste-madagascar.com\/wp-content\/uploads\/2017\/01\/cropped-logo.png","width":150,"height":60,"caption":"Voyagiste Madagascar"},"image":{"@id":"https:\/\/voyagiste-madagascar.com\/#\/schema\/logo\/image\/"},"sameAs":["https:\/\/www.facebook.com\/VMadagascar\/?ref=ts"]}]}},"_links":{"self":[{"href":"https:\/\/voyagiste-madagascar.com\/fr\/wp-json\/wp\/v2\/pages\/45"}],"collection":[{"href":"https:\/\/voyagiste-madagascar.com\/fr\/wp-json\/wp\/v2\/pages"}],"about":[{"href":"https:\/\/voyagiste-madagascar.com\/fr\/wp-json\/wp\/v2\/types\/page"}],"author":[{"embeddable":true,"href":"https:\/\/voyagiste-madagascar.com\/fr\/wp-json\/wp\/v2\/users\/1"}],"replies":[{"embeddable":true,"href":"https:\/\/voyagiste-madagascar.com\/fr\/wp-json\/wp\/v2\/comments?post=45"}],"version-history":[{"count":16,"href":"https:\/\/voyagiste-madagascar.com\/fr\/wp-json\/wp\/v2\/pages\/45\/revisions"}],"predecessor-version":[{"id":478,"href":"https:\/\/voyagiste-madagascar.com\/fr\/wp-json\/wp\/v2\/pages\/45\/revisions\/478"}],"up":[{"embeddable":true,"href":"https:\/\/voyagiste-madagascar.com\/fr\/wp-json\/wp\/v2\/pages\/25"}],"wp:attachment":[{"href":"https:\/\/voyagiste-madagascar.com\/fr\/wp-json\/wp\/v2\/media?parent=45"}],"curies":[{"name":"wp","href":"https:\/\/api.w.org\/{rel}","templated":true}]}}