{"id":49,"date":"2011-01-05T00:23:30","date_gmt":"2011-01-05T00:23:30","guid":{"rendered":"http:\/\/voyagiste-madagascar.com\/?page_id=49"},"modified":"2011-02-13T06:19:51","modified_gmt":"2011-02-13T06:19:51","slug":"geographie","status":"publish","type":"page","link":"https:\/\/voyagiste-madagascar.com\/fr\/decouvrir-madagascar\/geographie\/","title":{"rendered":"G\u00e9ographie"},"content":{"rendered":"<p>Les c\u00f4tes malgaches s&rsquo;\u00e9tendent sur 4828 km et la superficie totale est de 587 040km2 soit un tiers de celle du Qu\u00e9bec. Madagascar est pass\u00e9 de la d\u00e9nomination d&rsquo;\u00eele verte \u00e0 l&rsquo;\u00eele rouge suite aux destructions massives de sa v\u00e9g\u00e9tation qui laisse \u00e0 d\u00e9couvert la lat\u00e9rite de couleur rouge caract\u00e9risant g\u00e9n\u00e9ralement ses plateaux. On retrouve d&rsquo;ailleurs dans sa structure g\u00e9ologique toutes les p\u00e9riodes de l&rsquo;histoire de la plan\u00e8te et elle pr\u00e9sente les vestiges du supercontinent Gondwana d&rsquo;il y a 600 millions d&rsquo;ann\u00e9es.<\/p>\n<p>Son relief est caract\u00e9ris\u00e9 par une bande coti\u00e8re \u00e9troite \u00e0 l&rsquo;est, les hauts plateaux au centre et une zone de plateaux plus bas et de plaines \u00e0 l&rsquo;ouest. C\u00f4t\u00e9 m\u00e9t\u00e9o, du fait que Madagascar est travers\u00e9 par le tropique du Capricone aux environs de la ville de Toliary (Tul\u00e9ar), le climat y est majoritairement tropical avec plusieurs vari\u00e9t\u00e9s de microclimats selon les r\u00e9gions.<\/p>\n<p><img decoding=\"async\" src=\"http:\/\/voyagiste-madagascar.com\/ancienvoyagiste\/images\/stories\/nasa-madagascar-382.jpg\" border=\"0\" alt=\"\" align=\"left\" \/><\/p>\n","protected":false},"excerpt":{"rendered":"<p>Les c\u00f4tes malgaches s&rsquo;\u00e9tendent sur 4828 km et la superficie totale est de 587 040km2 soit un tiers de celle du Qu\u00e9bec. Madagascar est pass\u00e9 de la d\u00e9nomination d&rsquo;\u00eele verte \u00e0 l&rsquo;\u00eele rouge suite&#46;&#46;&#46;<\/p>\n","protected":false},"author":1,"featured_media":0,"parent":25,"menu_order":0,"comment_status":"closed","ping_status":"closed","template":"","meta":{"ngg_post_thumbnail":0,"footnotes":""},"class_list":["post-49","page","type-page","status-publish","hentry"],"yoast_head":"<!-- This site is optimized with the Yoast SEO plugin v27.5 - https:\/\/yoast.com\/product\/yoast-seo-wordpress\/ -->\n<title>G\u00e9ographie &#183; Voyagiste Madagascar<\/title>\n<meta name=\"robots\" content=\"index, follow, max-snippet:-1, max-image-preview:large, max-video-preview:-1\" \/>\n<link rel=\"canonical\" href=\"https:\/\/voyagiste-madagascar.com\/decouvrir-madagascar\/geographie\/\" \/>\n<meta property=\"og:locale\" content=\"fr_FR\" \/>\n<meta property=\"og:type\" content=\"article\" \/>\n<meta property=\"og:title\" content=\"G\u00e9ographie &#183; Voyagiste Madagascar\" \/>\n<meta property=\"og:description\" content=\"Les c\u00f4tes malgaches s&rsquo;\u00e9tendent sur 4828 km et la superficie totale est de 587 040km2 soit un tiers de celle du Qu\u00e9bec. Madagascar est pass\u00e9 de la d\u00e9nomination d&rsquo;\u00eele verte \u00e0 l&rsquo;\u00eele rouge suite&#046;&#046;&#046;\" \/>\n<meta property=\"og:url\" content=\"https:\/\/voyagiste-madagascar.com\/decouvrir-madagascar\/geographie\/\" \/>\n<meta property=\"og:site_name\" content=\"Voyagiste Madagascar\" \/>\n<meta property=\"article:publisher\" content=\"https:\/\/www.facebook.com\/VMadagascar\/?ref=ts\" \/>\n<meta property=\"article:modified_time\" content=\"2011-02-13T06:19:51+00:00\" \/>\n<meta property=\"og:image\" content=\"http:\/\/voyagiste-madagascar.com\/ancienvoyagiste\/images\/stories\/nasa-madagascar-382.jpg\" \/>\n<meta name=\"twitter:card\" content=\"summary_large_image\" \/>\n<meta name=\"twitter:label1\" content=\"Dur\u00e9e de lecture estim\u00e9e\" \/>\n\t<meta name=\"twitter:data1\" content=\"1 minute\" \/>\n<script type=\"application\/ld+json\" class=\"yoast-schema-graph\">{\"@context\":\"https:\\\/\\\/schema.org\",\"@graph\":[{\"@type\":\"WebPage\",\"@id\":\"https:\\\/\\\/voyagiste-madagascar.com\\\/decouvrir-madagascar\\\/geographie\\\/\",\"url\":\"https:\\\/\\\/voyagiste-madagascar.com\\\/decouvrir-madagascar\\\/geographie\\\/\",\"name\":\"G\u00e9ographie &#183; Voyagiste Madagascar\",\"isPartOf\":{\"@id\":\"https:\\\/\\\/voyagiste-madagascar.com\\\/#website\"},\"primaryImageOfPage\":{\"@id\":\"https:\\\/\\\/voyagiste-madagascar.com\\\/decouvrir-madagascar\\\/geographie\\\/#primaryimage\"},\"image\":{\"@id\":\"https:\\\/\\\/voyagiste-madagascar.com\\\/decouvrir-madagascar\\\/geographie\\\/#primaryimage\"},\"thumbnailUrl\":\"http:\\\/\\\/voyagiste-madagascar.com\\\/ancienvoyagiste\\\/images\\\/stories\\\/nasa-madagascar-382.jpg\",\"datePublished\":\"2011-01-05T00:23:30+00:00\",\"dateModified\":\"2011-02-13T06:19:51+00:00\",\"breadcrumb\":{\"@id\":\"https:\\\/\\\/voyagiste-madagascar.com\\\/decouvrir-madagascar\\\/geographie\\\/#breadcrumb\"},\"inLanguage\":\"fr-FR\",\"potentialAction\":[{\"@type\":\"ReadAction\",\"target\":[\"https:\\\/\\\/voyagiste-madagascar.com\\\/decouvrir-madagascar\\\/geographie\\\/\"]}]},{\"@type\":\"ImageObject\",\"inLanguage\":\"fr-FR\",\"@id\":\"https:\\\/\\\/voyagiste-madagascar.com\\\/decouvrir-madagascar\\\/geographie\\\/#primaryimage\",\"url\":\"http:\\\/\\\/voyagiste-madagascar.com\\\/ancienvoyagiste\\\/images\\\/stories\\\/nasa-madagascar-382.jpg\",\"contentUrl\":\"http:\\\/\\\/voyagiste-madagascar.com\\\/ancienvoyagiste\\\/images\\\/stories\\\/nasa-madagascar-382.jpg\"},{\"@type\":\"BreadcrumbList\",\"@id\":\"https:\\\/\\\/voyagiste-madagascar.com\\\/decouvrir-madagascar\\\/geographie\\\/#breadcrumb\",\"itemListElement\":[{\"@type\":\"ListItem\",\"position\":1,\"name\":\"Home\",\"item\":\"https:\\\/\\\/voyagiste-madagascar.com\\\/\"},{\"@type\":\"ListItem\",\"position\":2,\"name\":\"D\u00e9couvrir Madagascar\",\"item\":\"https:\\\/\\\/voyagiste-madagascar.com\\\/decouvrir-madagascar\\\/\"},{\"@type\":\"ListItem\",\"position\":3,\"name\":\"G\u00e9ographie\"}]},{\"@type\":\"WebSite\",\"@id\":\"https:\\\/\\\/voyagiste-madagascar.com\\\/#website\",\"url\":\"https:\\\/\\\/voyagiste-madagascar.com\\\/\",\"name\":\"Voyagiste Madagascar\",\"description\":\"Explore Madagascar with Confidence\",\"publisher\":{\"@id\":\"https:\\\/\\\/voyagiste-madagascar.com\\\/#organization\"},\"potentialAction\":[{\"@type\":\"SearchAction\",\"target\":{\"@type\":\"EntryPoint\",\"urlTemplate\":\"https:\\\/\\\/voyagiste-madagascar.com\\\/?s={search_term_string}\"},\"query-input\":{\"@type\":\"PropertyValueSpecification\",\"valueRequired\":true,\"valueName\":\"search_term_string\"}}],\"inLanguage\":\"fr-FR\"},{\"@type\":\"Organization\",\"@id\":\"https:\\\/\\\/voyagiste-madagascar.com\\\/#organization\",\"name\":\"Voyagiste Madagascar\",\"url\":\"https:\\\/\\\/voyagiste-madagascar.com\\\/\",\"logo\":{\"@type\":\"ImageObject\",\"inLanguage\":\"fr-FR\",\"@id\":\"https:\\\/\\\/voyagiste-madagascar.com\\\/#\\\/schema\\\/logo\\\/image\\\/\",\"url\":\"https:\\\/\\\/voyagiste-madagascar.com\\\/wp-content\\\/uploads\\\/2017\\\/01\\\/cropped-logo.png\",\"contentUrl\":\"https:\\\/\\\/voyagiste-madagascar.com\\\/wp-content\\\/uploads\\\/2017\\\/01\\\/cropped-logo.png\",\"width\":150,\"height\":60,\"caption\":\"Voyagiste Madagascar\"},\"image\":{\"@id\":\"https:\\\/\\\/voyagiste-madagascar.com\\\/#\\\/schema\\\/logo\\\/image\\\/\"},\"sameAs\":[\"https:\\\/\\\/www.facebook.com\\\/VMadagascar\\\/?ref=ts\"]}]}<\/script>\n<!-- \/ Yoast SEO plugin. -->","yoast_head_json":{"title":"G\u00e9ographie &#183; Voyagiste Madagascar","robots":{"index":"index","follow":"follow","max-snippet":"max-snippet:-1","max-image-preview":"max-image-preview:large","max-video-preview":"max-video-preview:-1"},"canonical":"https:\/\/voyagiste-madagascar.com\/decouvrir-madagascar\/geographie\/","og_locale":"fr_FR","og_type":"article","og_title":"G\u00e9ographie &#183; Voyagiste Madagascar","og_description":"Les c\u00f4tes malgaches s&rsquo;\u00e9tendent sur 4828 km et la superficie totale est de 587 040km2 soit un tiers de celle du Qu\u00e9bec. Madagascar est pass\u00e9 de la d\u00e9nomination d&rsquo;\u00eele verte \u00e0 l&rsquo;\u00eele rouge suite&#46;&#46;&#46;","og_url":"https:\/\/voyagiste-madagascar.com\/decouvrir-madagascar\/geographie\/","og_site_name":"Voyagiste Madagascar","article_publisher":"https:\/\/www.facebook.com\/VMadagascar\/?ref=ts","article_modified_time":"2011-02-13T06:19:51+00:00","og_image":[{"url":"http:\/\/voyagiste-madagascar.com\/ancienvoyagiste\/images\/stories\/nasa-madagascar-382.jpg","type":"","width":"","height":""}],"twitter_card":"summary_large_image","twitter_misc":{"Dur\u00e9e de lecture estim\u00e9e":"1 minute"},"schema":{"@context":"https:\/\/schema.org","@graph":[{"@type":"WebPage","@id":"https:\/\/voyagiste-madagascar.com\/decouvrir-madagascar\/geographie\/","url":"https:\/\/voyagiste-madagascar.com\/decouvrir-madagascar\/geographie\/","name":"G\u00e9ographie &#183; Voyagiste Madagascar","isPartOf":{"@id":"https:\/\/voyagiste-madagascar.com\/#website"},"primaryImageOfPage":{"@id":"https:\/\/voyagiste-madagascar.com\/decouvrir-madagascar\/geographie\/#primaryimage"},"image":{"@id":"https:\/\/voyagiste-madagascar.com\/decouvrir-madagascar\/geographie\/#primaryimage"},"thumbnailUrl":"http:\/\/voyagiste-madagascar.com\/ancienvoyagiste\/images\/stories\/nasa-madagascar-382.jpg","datePublished":"2011-01-05T00:23:30+00:00","dateModified":"2011-02-13T06:19:51+00:00","breadcrumb":{"@id":"https:\/\/voyagiste-madagascar.com\/decouvrir-madagascar\/geographie\/#breadcrumb"},"inLanguage":"fr-FR","potentialAction":[{"@type":"ReadAction","target":["https:\/\/voyagiste-madagascar.com\/decouvrir-madagascar\/geographie\/"]}]},{"@type":"ImageObject","inLanguage":"fr-FR","@id":"https:\/\/voyagiste-madagascar.com\/decouvrir-madagascar\/geographie\/#primaryimage","url":"http:\/\/voyagiste-madagascar.com\/ancienvoyagiste\/images\/stories\/nasa-madagascar-382.jpg","contentUrl":"http:\/\/voyagiste-madagascar.com\/ancienvoyagiste\/images\/stories\/nasa-madagascar-382.jpg"},{"@type":"BreadcrumbList","@id":"https:\/\/voyagiste-madagascar.com\/decouvrir-madagascar\/geographie\/#breadcrumb","itemListElement":[{"@type":"ListItem","position":1,"name":"Home","item":"https:\/\/voyagiste-madagascar.com\/"},{"@type":"ListItem","position":2,"name":"D\u00e9couvrir Madagascar","item":"https:\/\/voyagiste-madagascar.com\/decouvrir-madagascar\/"},{"@type":"ListItem","position":3,"name":"G\u00e9ographie"}]},{"@type":"WebSite","@id":"https:\/\/voyagiste-madagascar.com\/#website","url":"https:\/\/voyagiste-madagascar.com\/","name":"Voyagiste Madagascar","description":"Explore Madagascar with Confidence","publisher":{"@id":"https:\/\/voyagiste-madagascar.com\/#organization"},"potentialAction":[{"@type":"SearchAction","target":{"@type":"EntryPoint","urlTemplate":"https:\/\/voyagiste-madagascar.com\/?s={search_term_string}"},"query-input":{"@type":"PropertyValueSpecification","valueRequired":true,"valueName":"search_term_string"}}],"inLanguage":"fr-FR"},{"@type":"Organization","@id":"https:\/\/voyagiste-madagascar.com\/#organization","name":"Voyagiste Madagascar","url":"https:\/\/voyagiste-madagascar.com\/","logo":{"@type":"ImageObject","inLanguage":"fr-FR","@id":"https:\/\/voyagiste-madagascar.com\/#\/schema\/logo\/image\/","url":"https:\/\/voyagiste-madagascar.com\/wp-content\/uploads\/2017\/01\/cropped-logo.png","contentUrl":"https:\/\/voyagiste-madagascar.com\/wp-content\/uploads\/2017\/01\/cropped-logo.png","width":150,"height":60,"caption":"Voyagiste Madagascar"},"image":{"@id":"https:\/\/voyagiste-madagascar.com\/#\/schema\/logo\/image\/"},"sameAs":["https:\/\/www.facebook.com\/VMadagascar\/?ref=ts"]}]}},"_links":{"self":[{"href":"https:\/\/voyagiste-madagascar.com\/fr\/wp-json\/wp\/v2\/pages\/49","targetHints":{"allow":["GET"]}}],"collection":[{"href":"https:\/\/voyagiste-madagascar.com\/fr\/wp-json\/wp\/v2\/pages"}],"about":[{"href":"https:\/\/voyagiste-madagascar.com\/fr\/wp-json\/wp\/v2\/types\/page"}],"author":[{"embeddable":true,"href":"https:\/\/voyagiste-madagascar.com\/fr\/wp-json\/wp\/v2\/users\/1"}],"replies":[{"embeddable":true,"href":"https:\/\/voyagiste-madagascar.com\/fr\/wp-json\/wp\/v2\/comments?post=49"}],"version-history":[{"count":10,"href":"https:\/\/voyagiste-madagascar.com\/fr\/wp-json\/wp\/v2\/pages\/49\/revisions"}],"predecessor-version":[{"id":472,"href":"https:\/\/voyagiste-madagascar.com\/fr\/wp-json\/wp\/v2\/pages\/49\/revisions\/472"}],"up":[{"embeddable":true,"href":"https:\/\/voyagiste-madagascar.com\/fr\/wp-json\/wp\/v2\/pages\/25"}],"wp:attachment":[{"href":"https:\/\/voyagiste-madagascar.com\/fr\/wp-json\/wp\/v2\/media?parent=49"}],"curies":[{"name":"wp","href":"https:\/\/api.w.org\/{rel}","templated":true}]}}