{"id":52,"date":"2011-01-05T00:26:11","date_gmt":"2011-01-05T00:26:11","guid":{"rendered":"http:\/\/voyagiste-madagascar.com\/?page_id=52"},"modified":"2011-02-13T06:18:39","modified_gmt":"2011-02-13T06:18:39","slug":"ecologie","status":"publish","type":"page","link":"https:\/\/voyagiste-madagascar.com\/fr\/decouvrir-madagascar\/ecologie\/","title":{"rendered":"\u00c9cologie"},"content":{"rendered":"<div id=\"_mcePaste\">\n<div id=\"attachment_287\" style=\"width: 310px\" class=\"wp-caption alignright\"><a href=\"http:\/\/voyagiste-madagascar.com\/wp-content\/uploads\/2011\/01\/IMG_43231.jpg\"><img loading=\"lazy\" decoding=\"async\" aria-describedby=\"caption-attachment-287\" class=\"size-medium wp-image-287\" title=\"Cam\u00e9l\u00e9on\" src=\"http:\/\/voyagiste-madagascar.com\/wp-content\/uploads\/2011\/01\/IMG_43231-300x156.jpg\" alt=\"Cam\u00e9l\u00e9on\" width=\"300\" height=\"156\" srcset=\"https:\/\/voyagiste-madagascar.com\/wp-content\/uploads\/2011\/01\/IMG_43231-300x156.jpg 300w, https:\/\/voyagiste-madagascar.com\/wp-content\/uploads\/2011\/01\/IMG_43231.jpg 350w\" sizes=\"auto, (max-width: 300px) 100vw, 300px\" \/><\/a><p id=\"caption-attachment-287\" class=\"wp-caption-text\">Cam\u00e9l\u00e9on<\/p><\/div>\n<p>Par la vari\u00e9t\u00e9 des reliefs et climats, la faune et la flore de Madagascar s\u2019en trouve un des plus diversifi\u00e9es au monde avec un taux d\u2019end\u00e9misme (esp\u00e8ces particuli\u00e8res qui n\u2019existent nulle part ailleurs) atteignant les 90% selon les chercheurs. L\u2019\u00e9cologie marine est aussi tr\u00e8s riche bien que mal connue\u00a0actuellement.<\/p>\n<\/div>\n<div id=\"_mcePaste\">\n<div id=\"attachment_285\" style=\"width: 234px\" class=\"wp-caption alignleft\"><a href=\"http:\/\/voyagiste-madagascar.com\/wp-content\/uploads\/2011\/01\/DSC00182.jpg\"><img loading=\"lazy\" decoding=\"async\" aria-describedby=\"caption-attachment-285\" class=\"size-medium wp-image-285\" title=\"Sifaka\" src=\"http:\/\/voyagiste-madagascar.com\/wp-content\/uploads\/2011\/01\/DSC00182-224x300.jpg\" alt=\"Sifaka\" width=\"224\" height=\"300\" \/><\/a><p id=\"caption-attachment-285\" class=\"wp-caption-text\">Sifaka<\/p><\/div>\n<p>L\u2019\u00cele rouge compte encore une partie de sa for\u00eat primaire et constitue un des endroits les plus riches en termes de biodiversit\u00e9.<\/p>\n<\/div>\n<div id=\"_mcePaste\">\n<p>Elle compte une quarantaine d\u2019aires prot\u00e9g\u00e9es subdivis\u00e9es en parcs nationaux (PN), r\u00e9serves naturelles int\u00e9grales (RNI) et en r\u00e9serves sp\u00e9ciales.<br \/>\n<!--Ads3--><\/p>\n<div id=\"attachment_288\" style=\"width: 310px\" class=\"wp-caption alignright\"><a href=\"http:\/\/voyagiste-madagascar.com\/wp-content\/uploads\/2011\/01\/STA_4477.jpg\"><img loading=\"lazy\" decoding=\"async\" aria-describedby=\"caption-attachment-288\" class=\"size-medium wp-image-288\" title=\"Orchid\u00e9e\" src=\"http:\/\/voyagiste-madagascar.com\/wp-content\/uploads\/2011\/01\/STA_4477-300x293.jpg\" alt=\"Orchid\u00e9e\" width=\"300\" height=\"293\" srcset=\"https:\/\/voyagiste-madagascar.com\/wp-content\/uploads\/2011\/01\/STA_4477-300x293.jpg 300w, https:\/\/voyagiste-madagascar.com\/wp-content\/uploads\/2011\/01\/STA_4477.jpg 350w\" sizes=\"auto, (max-width: 300px) 100vw, 300px\" \/><\/a><p id=\"caption-attachment-288\" class=\"wp-caption-text\">Orchid\u00e9e<\/p><\/div>\n<\/div>\n<p>Par la vari\u00e9t\u00e9 des reliefs et climats, la faune et la flore de Madagascar s\u2019en trouve un des plus diversifi\u00e9es au monde avec un taux d\u2019end\u00e9misme (esp\u00e8ces particuli\u00e8res qui n\u2019existent nulle part ailleurs) atteignant les 90% selon les chercheurs. L\u2019\u00e9cologie marine est aussi tr\u00e8s riche bien que mal connueactuellement.L\u2019\u00cele rouge compte encore une partie de sa for\u00eat primaire et constitue un des endroits les plus riches en termes de biodiversit\u00e9.Elle compte une quarantaine d\u2019aires prot\u00e9g\u00e9es subdivis\u00e9es en parcs nationaux (PN), r\u00e9serves naturelles int\u00e9grales (RNI) et en r\u00e9serves sp\u00e9ciales.<\/p>\n<div id=\"attachment_289\" style=\"width: 310px\" class=\"wp-caption alignleft\"><a href=\"http:\/\/voyagiste-madagascar.com\/wp-content\/uploads\/2011\/01\/DSC00336.jpg\"><img loading=\"lazy\" decoding=\"async\" aria-describedby=\"caption-attachment-289\" class=\"size-medium wp-image-289\" title=\"Fosa\" src=\"http:\/\/voyagiste-madagascar.com\/wp-content\/uploads\/2011\/01\/DSC00336-300x207.jpg\" alt=\"Fosa\" width=\"300\" height=\"207\" srcset=\"https:\/\/voyagiste-madagascar.com\/wp-content\/uploads\/2011\/01\/DSC00336-300x207.jpg 300w, https:\/\/voyagiste-madagascar.com\/wp-content\/uploads\/2011\/01\/DSC00336.jpg 350w\" sizes=\"auto, (max-width: 300px) 100vw, 300px\" \/><\/a><p id=\"caption-attachment-289\" class=\"wp-caption-text\">Fosa<\/p><\/div>\n","protected":false},"excerpt":{"rendered":"<p>Par la vari\u00e9t\u00e9 des reliefs et climats, la faune et la flore de Madagascar s\u2019en trouve un des plus diversifi\u00e9es au monde avec un taux d\u2019end\u00e9misme (esp\u00e8ces particuli\u00e8res qui n\u2019existent nulle part ailleurs) atteignant&#46;&#46;&#46;<\/p>\n","protected":false},"author":1,"featured_media":0,"parent":25,"menu_order":0,"comment_status":"closed","ping_status":"closed","template":"","meta":{"ngg_post_thumbnail":0,"footnotes":""},"class_list":["post-52","page","type-page","status-publish","hentry"],"yoast_head":"<!-- This site is optimized with the Yoast SEO plugin v27.5 - https:\/\/yoast.com\/product\/yoast-seo-wordpress\/ -->\n<title>\u00c9cologie &#183; Voyagiste Madagascar<\/title>\n<meta name=\"robots\" content=\"index, follow, max-snippet:-1, max-image-preview:large, max-video-preview:-1\" \/>\n<link rel=\"canonical\" href=\"https:\/\/voyagiste-madagascar.com\/decouvrir-madagascar\/ecologie\/\" \/>\n<meta property=\"og:locale\" content=\"fr_FR\" \/>\n<meta property=\"og:type\" content=\"article\" \/>\n<meta property=\"og:title\" content=\"\u00c9cologie &#183; Voyagiste Madagascar\" \/>\n<meta property=\"og:description\" content=\"Par la vari\u00e9t\u00e9 des reliefs et climats, la faune et la flore de Madagascar s\u2019en trouve un des plus diversifi\u00e9es au monde avec un taux d\u2019end\u00e9misme (esp\u00e8ces particuli\u00e8res qui n\u2019existent nulle part ailleurs) atteignant&#046;&#046;&#046;\" \/>\n<meta property=\"og:url\" content=\"https:\/\/voyagiste-madagascar.com\/decouvrir-madagascar\/ecologie\/\" \/>\n<meta property=\"og:site_name\" content=\"Voyagiste Madagascar\" \/>\n<meta property=\"article:publisher\" content=\"https:\/\/www.facebook.com\/VMadagascar\/?ref=ts\" \/>\n<meta property=\"article:modified_time\" content=\"2011-02-13T06:18:39+00:00\" \/>\n<meta property=\"og:image\" content=\"http:\/\/voyagiste-madagascar.com\/wp-content\/uploads\/2011\/01\/IMG_43231-300x156.jpg\" \/>\n<meta name=\"twitter:card\" content=\"summary_large_image\" \/>\n<meta name=\"twitter:label1\" content=\"Dur\u00e9e de lecture estim\u00e9e\" \/>\n\t<meta name=\"twitter:data1\" content=\"1 minute\" \/>\n<script type=\"application\/ld+json\" class=\"yoast-schema-graph\">{\"@context\":\"https:\\\/\\\/schema.org\",\"@graph\":[{\"@type\":\"WebPage\",\"@id\":\"https:\\\/\\\/voyagiste-madagascar.com\\\/decouvrir-madagascar\\\/ecologie\\\/\",\"url\":\"https:\\\/\\\/voyagiste-madagascar.com\\\/decouvrir-madagascar\\\/ecologie\\\/\",\"name\":\"\u00c9cologie &#183; Voyagiste Madagascar\",\"isPartOf\":{\"@id\":\"https:\\\/\\\/voyagiste-madagascar.com\\\/#website\"},\"primaryImageOfPage\":{\"@id\":\"https:\\\/\\\/voyagiste-madagascar.com\\\/decouvrir-madagascar\\\/ecologie\\\/#primaryimage\"},\"image\":{\"@id\":\"https:\\\/\\\/voyagiste-madagascar.com\\\/decouvrir-madagascar\\\/ecologie\\\/#primaryimage\"},\"thumbnailUrl\":\"http:\\\/\\\/voyagiste-madagascar.com\\\/wp-content\\\/uploads\\\/2011\\\/01\\\/IMG_43231-300x156.jpg\",\"datePublished\":\"2011-01-05T00:26:11+00:00\",\"dateModified\":\"2011-02-13T06:18:39+00:00\",\"breadcrumb\":{\"@id\":\"https:\\\/\\\/voyagiste-madagascar.com\\\/decouvrir-madagascar\\\/ecologie\\\/#breadcrumb\"},\"inLanguage\":\"fr-FR\",\"potentialAction\":[{\"@type\":\"ReadAction\",\"target\":[\"https:\\\/\\\/voyagiste-madagascar.com\\\/decouvrir-madagascar\\\/ecologie\\\/\"]}]},{\"@type\":\"ImageObject\",\"inLanguage\":\"fr-FR\",\"@id\":\"https:\\\/\\\/voyagiste-madagascar.com\\\/decouvrir-madagascar\\\/ecologie\\\/#primaryimage\",\"url\":\"http:\\\/\\\/voyagiste-madagascar.com\\\/wp-content\\\/uploads\\\/2011\\\/01\\\/IMG_43231-300x156.jpg\",\"contentUrl\":\"http:\\\/\\\/voyagiste-madagascar.com\\\/wp-content\\\/uploads\\\/2011\\\/01\\\/IMG_43231-300x156.jpg\"},{\"@type\":\"BreadcrumbList\",\"@id\":\"https:\\\/\\\/voyagiste-madagascar.com\\\/decouvrir-madagascar\\\/ecologie\\\/#breadcrumb\",\"itemListElement\":[{\"@type\":\"ListItem\",\"position\":1,\"name\":\"Home\",\"item\":\"https:\\\/\\\/voyagiste-madagascar.com\\\/\"},{\"@type\":\"ListItem\",\"position\":2,\"name\":\"D\u00e9couvrir Madagascar\",\"item\":\"https:\\\/\\\/voyagiste-madagascar.com\\\/decouvrir-madagascar\\\/\"},{\"@type\":\"ListItem\",\"position\":3,\"name\":\"\u00c9cologie\"}]},{\"@type\":\"WebSite\",\"@id\":\"https:\\\/\\\/voyagiste-madagascar.com\\\/#website\",\"url\":\"https:\\\/\\\/voyagiste-madagascar.com\\\/\",\"name\":\"Voyagiste Madagascar\",\"description\":\"Explore Madagascar with Confidence\",\"publisher\":{\"@id\":\"https:\\\/\\\/voyagiste-madagascar.com\\\/#organization\"},\"potentialAction\":[{\"@type\":\"SearchAction\",\"target\":{\"@type\":\"EntryPoint\",\"urlTemplate\":\"https:\\\/\\\/voyagiste-madagascar.com\\\/?s={search_term_string}\"},\"query-input\":{\"@type\":\"PropertyValueSpecification\",\"valueRequired\":true,\"valueName\":\"search_term_string\"}}],\"inLanguage\":\"fr-FR\"},{\"@type\":\"Organization\",\"@id\":\"https:\\\/\\\/voyagiste-madagascar.com\\\/#organization\",\"name\":\"Voyagiste Madagascar\",\"url\":\"https:\\\/\\\/voyagiste-madagascar.com\\\/\",\"logo\":{\"@type\":\"ImageObject\",\"inLanguage\":\"fr-FR\",\"@id\":\"https:\\\/\\\/voyagiste-madagascar.com\\\/#\\\/schema\\\/logo\\\/image\\\/\",\"url\":\"https:\\\/\\\/voyagiste-madagascar.com\\\/wp-content\\\/uploads\\\/2017\\\/01\\\/cropped-logo.png\",\"contentUrl\":\"https:\\\/\\\/voyagiste-madagascar.com\\\/wp-content\\\/uploads\\\/2017\\\/01\\\/cropped-logo.png\",\"width\":150,\"height\":60,\"caption\":\"Voyagiste Madagascar\"},\"image\":{\"@id\":\"https:\\\/\\\/voyagiste-madagascar.com\\\/#\\\/schema\\\/logo\\\/image\\\/\"},\"sameAs\":[\"https:\\\/\\\/www.facebook.com\\\/VMadagascar\\\/?ref=ts\"]}]}<\/script>\n<!-- \/ Yoast SEO plugin. -->","yoast_head_json":{"title":"\u00c9cologie &#183; Voyagiste Madagascar","robots":{"index":"index","follow":"follow","max-snippet":"max-snippet:-1","max-image-preview":"max-image-preview:large","max-video-preview":"max-video-preview:-1"},"canonical":"https:\/\/voyagiste-madagascar.com\/decouvrir-madagascar\/ecologie\/","og_locale":"fr_FR","og_type":"article","og_title":"\u00c9cologie &#183; Voyagiste Madagascar","og_description":"Par la vari\u00e9t\u00e9 des reliefs et climats, la faune et la flore de Madagascar s\u2019en trouve un des plus diversifi\u00e9es au monde avec un taux d\u2019end\u00e9misme (esp\u00e8ces particuli\u00e8res qui n\u2019existent nulle part ailleurs) atteignant&#46;&#46;&#46;","og_url":"https:\/\/voyagiste-madagascar.com\/decouvrir-madagascar\/ecologie\/","og_site_name":"Voyagiste Madagascar","article_publisher":"https:\/\/www.facebook.com\/VMadagascar\/?ref=ts","article_modified_time":"2011-02-13T06:18:39+00:00","og_image":[{"url":"http:\/\/voyagiste-madagascar.com\/wp-content\/uploads\/2011\/01\/IMG_43231-300x156.jpg","type":"","width":"","height":""}],"twitter_card":"summary_large_image","twitter_misc":{"Dur\u00e9e de lecture estim\u00e9e":"1 minute"},"schema":{"@context":"https:\/\/schema.org","@graph":[{"@type":"WebPage","@id":"https:\/\/voyagiste-madagascar.com\/decouvrir-madagascar\/ecologie\/","url":"https:\/\/voyagiste-madagascar.com\/decouvrir-madagascar\/ecologie\/","name":"\u00c9cologie &#183; Voyagiste Madagascar","isPartOf":{"@id":"https:\/\/voyagiste-madagascar.com\/#website"},"primaryImageOfPage":{"@id":"https:\/\/voyagiste-madagascar.com\/decouvrir-madagascar\/ecologie\/#primaryimage"},"image":{"@id":"https:\/\/voyagiste-madagascar.com\/decouvrir-madagascar\/ecologie\/#primaryimage"},"thumbnailUrl":"http:\/\/voyagiste-madagascar.com\/wp-content\/uploads\/2011\/01\/IMG_43231-300x156.jpg","datePublished":"2011-01-05T00:26:11+00:00","dateModified":"2011-02-13T06:18:39+00:00","breadcrumb":{"@id":"https:\/\/voyagiste-madagascar.com\/decouvrir-madagascar\/ecologie\/#breadcrumb"},"inLanguage":"fr-FR","potentialAction":[{"@type":"ReadAction","target":["https:\/\/voyagiste-madagascar.com\/decouvrir-madagascar\/ecologie\/"]}]},{"@type":"ImageObject","inLanguage":"fr-FR","@id":"https:\/\/voyagiste-madagascar.com\/decouvrir-madagascar\/ecologie\/#primaryimage","url":"http:\/\/voyagiste-madagascar.com\/wp-content\/uploads\/2011\/01\/IMG_43231-300x156.jpg","contentUrl":"http:\/\/voyagiste-madagascar.com\/wp-content\/uploads\/2011\/01\/IMG_43231-300x156.jpg"},{"@type":"BreadcrumbList","@id":"https:\/\/voyagiste-madagascar.com\/decouvrir-madagascar\/ecologie\/#breadcrumb","itemListElement":[{"@type":"ListItem","position":1,"name":"Home","item":"https:\/\/voyagiste-madagascar.com\/"},{"@type":"ListItem","position":2,"name":"D\u00e9couvrir Madagascar","item":"https:\/\/voyagiste-madagascar.com\/decouvrir-madagascar\/"},{"@type":"ListItem","position":3,"name":"\u00c9cologie"}]},{"@type":"WebSite","@id":"https:\/\/voyagiste-madagascar.com\/#website","url":"https:\/\/voyagiste-madagascar.com\/","name":"Voyagiste Madagascar","description":"Explore Madagascar with Confidence","publisher":{"@id":"https:\/\/voyagiste-madagascar.com\/#organization"},"potentialAction":[{"@type":"SearchAction","target":{"@type":"EntryPoint","urlTemplate":"https:\/\/voyagiste-madagascar.com\/?s={search_term_string}"},"query-input":{"@type":"PropertyValueSpecification","valueRequired":true,"valueName":"search_term_string"}}],"inLanguage":"fr-FR"},{"@type":"Organization","@id":"https:\/\/voyagiste-madagascar.com\/#organization","name":"Voyagiste Madagascar","url":"https:\/\/voyagiste-madagascar.com\/","logo":{"@type":"ImageObject","inLanguage":"fr-FR","@id":"https:\/\/voyagiste-madagascar.com\/#\/schema\/logo\/image\/","url":"https:\/\/voyagiste-madagascar.com\/wp-content\/uploads\/2017\/01\/cropped-logo.png","contentUrl":"https:\/\/voyagiste-madagascar.com\/wp-content\/uploads\/2017\/01\/cropped-logo.png","width":150,"height":60,"caption":"Voyagiste Madagascar"},"image":{"@id":"https:\/\/voyagiste-madagascar.com\/#\/schema\/logo\/image\/"},"sameAs":["https:\/\/www.facebook.com\/VMadagascar\/?ref=ts"]}]}},"_links":{"self":[{"href":"https:\/\/voyagiste-madagascar.com\/fr\/wp-json\/wp\/v2\/pages\/52","targetHints":{"allow":["GET"]}}],"collection":[{"href":"https:\/\/voyagiste-madagascar.com\/fr\/wp-json\/wp\/v2\/pages"}],"about":[{"href":"https:\/\/voyagiste-madagascar.com\/fr\/wp-json\/wp\/v2\/types\/page"}],"author":[{"embeddable":true,"href":"https:\/\/voyagiste-madagascar.com\/fr\/wp-json\/wp\/v2\/users\/1"}],"replies":[{"embeddable":true,"href":"https:\/\/voyagiste-madagascar.com\/fr\/wp-json\/wp\/v2\/comments?post=52"}],"version-history":[{"count":17,"href":"https:\/\/voyagiste-madagascar.com\/fr\/wp-json\/wp\/v2\/pages\/52\/revisions"}],"predecessor-version":[{"id":124,"href":"https:\/\/voyagiste-madagascar.com\/fr\/wp-json\/wp\/v2\/pages\/52\/revisions\/124"}],"up":[{"embeddable":true,"href":"https:\/\/voyagiste-madagascar.com\/fr\/wp-json\/wp\/v2\/pages\/25"}],"wp:attachment":[{"href":"https:\/\/voyagiste-madagascar.com\/fr\/wp-json\/wp\/v2\/media?parent=52"}],"curies":[{"name":"wp","href":"https:\/\/api.w.org\/{rel}","templated":true}]}}