{"id":55,"date":"2011-01-05T00:28:32","date_gmt":"2011-01-05T00:28:32","guid":{"rendered":"http:\/\/voyagiste-madagascar.com\/?page_id=55"},"modified":"2011-02-16T00:19:04","modified_gmt":"2011-02-16T00:19:04","slug":"relations-internationales","status":"publish","type":"page","link":"https:\/\/voyagiste-madagascar.com\/fr\/decouvrir-madagascar\/relations-internationales\/","title":{"rendered":"R\u00e9lations internationales"},"content":{"rendered":"<p>Les relations internationales de Madagascar sont en g\u00e9n\u00e9ral d\u00e9termin\u00e9es par les choix politiques des dirigeants du pays. Ainsi, m\u00eame apr\u00e8s la colonisation, la France a toujours eu une relation privil\u00e9gi\u00e9e avec la Grande \u00cele que ce soit au niveau \u00e9conomique, culturelle ou diplomatique.<\/p>\n<p>Lors de la deuxi\u00e8me r\u00e9publique, pr\u00f4nant l&rsquo;ind\u00e9pendance et le non-alignement, de 1978 \u00e0 1991, Madagascar a tiss\u00e9 des relations \u00e9troites avec les pays socialistes et les r\u00e9gimes radicalistes de l&rsquo;\u00e9poque dont l&rsquo;Union sovi\u00e9tique, la Cor\u00e9e du Nord, Cuba, la Libye et l&rsquo;Iran. \u00c0 partir de 1993, lors de l&rsquo;entr\u00e9 en fonction du Pr\u00e9sident Albert Zafy, et jusqu&rsquo;\u00e0 maintenant, Madagascar ne cesse d&rsquo;\u00e9largir ses horizons de coop\u00e9rations et d&rsquo;interactions avec le reste du monde. Malgr\u00e9 l&rsquo;isolement physique et le traditionnalisme flagrant, la mondialisation a encourag\u00e9 le gouvernement malgache \u00e0 adh\u00e9rer aux politiques ax\u00e9es sur le march\u00e9. Durant son mandat, Ravalomanana a m\u00eame consciemment cherch\u00e9 \u00e0 renforcer les relations avec les pays anglophones afin d&rsquo;\u00e9quilibrer avec la forte influence historique fran\u00e7aise.<\/p>\n<p>Madagascar est aussi membre de plusieurs organisations internationales comme les Nations Unies, la francophonie, l&rsquo;Union Africaine, la commission de l&rsquo;Oc\u00e9an Indien et bien d&rsquo;autres.<\/p>\n<p>Au niveau du Canada, le bureau de l&rsquo;ambassade de Madagascar est sis \u00e0 Ottawa. Plusieurs missions diplomatiques, essentiellement d&rsquo;ordre \u00e9conomique, ont \u00e9t\u00e9 r\u00e9alis\u00e9es ces derniers temps au Canada par des d\u00e9l\u00e9gations gouvernementales malgaches. \u00c0l&rsquo;inverse, plusieurs grosses compagnies mini\u00e8res canadiennes sont pr\u00e9sentes sur la Grande \u00cele\u00a0activement depuis plusieurs ann\u00e9es d\u00e9j\u00e0.<\/p>\n<p>Aux \u00c9tas-Unis, il y a deux ambassades de Madagascar \u00e0 Washington DC et \u00e0 New York. On y compte deux consulats honoraires \u00e0 Solana Beach et \u00e0 Philadelphia. Finalement, le repr\u00e9sentant malgache aux Nations Unies se trouve \u00e0 New York. La relation de Madagascar avec les \u00c9tats-Unis date des ann\u00e9es 1800 et a abouti \u00e0 une convention de commerce en 1867 et un trait\u00e9 de paix, d&rsquo;amiti\u00e9 et de commerce en 1881. La s\u00e9rie d&rsquo;\u00e9v\u00e9nements qui se sont succ\u00e9d\u00e9 au d\u00e9but 2009 \u00e0 Madagascar ont conduit le gouvernement am\u00e9ricain \u00e0 suspendre tout programme d&rsquo;assistance b\u00e9n\u00e9ficiant directement au gouvernement et tout aide non-humanitaire. Des \u00e9lections cr\u00e9dibles et organis\u00e9es par une entit\u00e9 ind\u00e9pendante sont attendues pour renverser cette situation, non seulement vis-\u00e0-vis de l&rsquo;\u00c9tat am\u00e9ricain, mais de la communaut\u00e9 internationale en g\u00e9n\u00e9rale.<\/p>\n","protected":false},"excerpt":{"rendered":"<p>Les relations internationales de Madagascar sont en g\u00e9n\u00e9ral d\u00e9termin\u00e9es par les choix politiques des dirigeants du pays. Ainsi, m\u00eame apr\u00e8s la colonisation, la France a toujours eu une relation privil\u00e9gi\u00e9e avec la Grande \u00cele&#46;&#46;&#46;<\/p>\n","protected":false},"author":1,"featured_media":0,"parent":25,"menu_order":0,"comment_status":"closed","ping_status":"closed","template":"","meta":{"ngg_post_thumbnail":0,"footnotes":""},"yoast_head":"<!-- This site is optimized with the Yoast SEO plugin v22.1 - https:\/\/yoast.com\/wordpress\/plugins\/seo\/ -->\n<title>R\u00e9lations internationales &#183; Voyagiste Madagascar<\/title>\n<meta name=\"robots\" content=\"index, follow, max-snippet:-1, max-image-preview:large, max-video-preview:-1\" \/>\n<link rel=\"canonical\" href=\"https:\/\/voyagiste-madagascar.com\/decouvrir-madagascar\/relations-internationales\/\" \/>\n<meta property=\"og:locale\" content=\"fr_FR\" \/>\n<meta property=\"og:type\" content=\"article\" \/>\n<meta property=\"og:title\" content=\"R\u00e9lations internationales &#183; Voyagiste Madagascar\" \/>\n<meta property=\"og:description\" content=\"Les relations internationales de Madagascar sont en g\u00e9n\u00e9ral d\u00e9termin\u00e9es par les choix politiques des dirigeants du pays. Ainsi, m\u00eame apr\u00e8s la colonisation, la France a toujours eu une relation privil\u00e9gi\u00e9e avec la Grande \u00cele&#046;&#046;&#046;\" \/>\n<meta property=\"og:url\" content=\"https:\/\/voyagiste-madagascar.com\/decouvrir-madagascar\/relations-internationales\/\" \/>\n<meta property=\"og:site_name\" content=\"Voyagiste Madagascar\" \/>\n<meta property=\"article:publisher\" content=\"https:\/\/www.facebook.com\/VMadagascar\/?ref=ts\" \/>\n<meta property=\"article:modified_time\" content=\"2011-02-16T00:19:04+00:00\" \/>\n<meta name=\"twitter:card\" content=\"summary_large_image\" \/>\n<meta name=\"twitter:label1\" content=\"Dur\u00e9e de lecture estim\u00e9e\" \/>\n\t<meta name=\"twitter:data1\" content=\"2 minutes\" \/>\n<script type=\"application\/ld+json\" class=\"yoast-schema-graph\">{\"@context\":\"https:\/\/schema.org\",\"@graph\":[{\"@type\":\"WebPage\",\"@id\":\"https:\/\/voyagiste-madagascar.com\/decouvrir-madagascar\/relations-internationales\/\",\"url\":\"https:\/\/voyagiste-madagascar.com\/decouvrir-madagascar\/relations-internationales\/\",\"name\":\"R\u00e9lations internationales &#183; Voyagiste Madagascar\",\"isPartOf\":{\"@id\":\"https:\/\/voyagiste-madagascar.com\/#website\"},\"datePublished\":\"2011-01-05T00:28:32+00:00\",\"dateModified\":\"2011-02-16T00:19:04+00:00\",\"breadcrumb\":{\"@id\":\"https:\/\/voyagiste-madagascar.com\/decouvrir-madagascar\/relations-internationales\/#breadcrumb\"},\"inLanguage\":\"fr-FR\",\"potentialAction\":[{\"@type\":\"ReadAction\",\"target\":[\"https:\/\/voyagiste-madagascar.com\/decouvrir-madagascar\/relations-internationales\/\"]}]},{\"@type\":\"BreadcrumbList\",\"@id\":\"https:\/\/voyagiste-madagascar.com\/decouvrir-madagascar\/relations-internationales\/#breadcrumb\",\"itemListElement\":[{\"@type\":\"ListItem\",\"position\":1,\"name\":\"Home\",\"item\":\"https:\/\/voyagiste-madagascar.com\/\"},{\"@type\":\"ListItem\",\"position\":2,\"name\":\"D\u00e9couvrir Madagascar\",\"item\":\"https:\/\/voyagiste-madagascar.com\/decouvrir-madagascar\/\"},{\"@type\":\"ListItem\",\"position\":3,\"name\":\"R\u00e9lations internationales\"}]},{\"@type\":\"WebSite\",\"@id\":\"https:\/\/voyagiste-madagascar.com\/#website\",\"url\":\"https:\/\/voyagiste-madagascar.com\/\",\"name\":\"Voyagiste Madagascar\",\"description\":\"Travel Guide &amp; Tips\",\"publisher\":{\"@id\":\"https:\/\/voyagiste-madagascar.com\/#organization\"},\"potentialAction\":[{\"@type\":\"SearchAction\",\"target\":{\"@type\":\"EntryPoint\",\"urlTemplate\":\"https:\/\/voyagiste-madagascar.com\/?s={search_term_string}\"},\"query-input\":\"required name=search_term_string\"}],\"inLanguage\":\"fr-FR\"},{\"@type\":\"Organization\",\"@id\":\"https:\/\/voyagiste-madagascar.com\/#organization\",\"name\":\"Voyagiste Madagascar\",\"url\":\"https:\/\/voyagiste-madagascar.com\/\",\"logo\":{\"@type\":\"ImageObject\",\"inLanguage\":\"fr-FR\",\"@id\":\"https:\/\/voyagiste-madagascar.com\/#\/schema\/logo\/image\/\",\"url\":\"https:\/\/voyagiste-madagascar.com\/wp-content\/uploads\/2017\/01\/cropped-logo.png\",\"contentUrl\":\"https:\/\/voyagiste-madagascar.com\/wp-content\/uploads\/2017\/01\/cropped-logo.png\",\"width\":150,\"height\":60,\"caption\":\"Voyagiste Madagascar\"},\"image\":{\"@id\":\"https:\/\/voyagiste-madagascar.com\/#\/schema\/logo\/image\/\"},\"sameAs\":[\"https:\/\/www.facebook.com\/VMadagascar\/?ref=ts\"]}]}<\/script>\n<!-- \/ Yoast SEO plugin. -->","yoast_head_json":{"title":"R\u00e9lations internationales &#183; Voyagiste Madagascar","robots":{"index":"index","follow":"follow","max-snippet":"max-snippet:-1","max-image-preview":"max-image-preview:large","max-video-preview":"max-video-preview:-1"},"canonical":"https:\/\/voyagiste-madagascar.com\/decouvrir-madagascar\/relations-internationales\/","og_locale":"fr_FR","og_type":"article","og_title":"R\u00e9lations internationales &#183; Voyagiste Madagascar","og_description":"Les relations internationales de Madagascar sont en g\u00e9n\u00e9ral d\u00e9termin\u00e9es par les choix politiques des dirigeants du pays. Ainsi, m\u00eame apr\u00e8s la colonisation, la France a toujours eu une relation privil\u00e9gi\u00e9e avec la Grande \u00cele&#46;&#46;&#46;","og_url":"https:\/\/voyagiste-madagascar.com\/decouvrir-madagascar\/relations-internationales\/","og_site_name":"Voyagiste Madagascar","article_publisher":"https:\/\/www.facebook.com\/VMadagascar\/?ref=ts","article_modified_time":"2011-02-16T00:19:04+00:00","twitter_card":"summary_large_image","twitter_misc":{"Dur\u00e9e de lecture estim\u00e9e":"2 minutes"},"schema":{"@context":"https:\/\/schema.org","@graph":[{"@type":"WebPage","@id":"https:\/\/voyagiste-madagascar.com\/decouvrir-madagascar\/relations-internationales\/","url":"https:\/\/voyagiste-madagascar.com\/decouvrir-madagascar\/relations-internationales\/","name":"R\u00e9lations internationales &#183; Voyagiste Madagascar","isPartOf":{"@id":"https:\/\/voyagiste-madagascar.com\/#website"},"datePublished":"2011-01-05T00:28:32+00:00","dateModified":"2011-02-16T00:19:04+00:00","breadcrumb":{"@id":"https:\/\/voyagiste-madagascar.com\/decouvrir-madagascar\/relations-internationales\/#breadcrumb"},"inLanguage":"fr-FR","potentialAction":[{"@type":"ReadAction","target":["https:\/\/voyagiste-madagascar.com\/decouvrir-madagascar\/relations-internationales\/"]}]},{"@type":"BreadcrumbList","@id":"https:\/\/voyagiste-madagascar.com\/decouvrir-madagascar\/relations-internationales\/#breadcrumb","itemListElement":[{"@type":"ListItem","position":1,"name":"Home","item":"https:\/\/voyagiste-madagascar.com\/"},{"@type":"ListItem","position":2,"name":"D\u00e9couvrir Madagascar","item":"https:\/\/voyagiste-madagascar.com\/decouvrir-madagascar\/"},{"@type":"ListItem","position":3,"name":"R\u00e9lations internationales"}]},{"@type":"WebSite","@id":"https:\/\/voyagiste-madagascar.com\/#website","url":"https:\/\/voyagiste-madagascar.com\/","name":"Voyagiste Madagascar","description":"Travel Guide &amp; Tips","publisher":{"@id":"https:\/\/voyagiste-madagascar.com\/#organization"},"potentialAction":[{"@type":"SearchAction","target":{"@type":"EntryPoint","urlTemplate":"https:\/\/voyagiste-madagascar.com\/?s={search_term_string}"},"query-input":"required name=search_term_string"}],"inLanguage":"fr-FR"},{"@type":"Organization","@id":"https:\/\/voyagiste-madagascar.com\/#organization","name":"Voyagiste Madagascar","url":"https:\/\/voyagiste-madagascar.com\/","logo":{"@type":"ImageObject","inLanguage":"fr-FR","@id":"https:\/\/voyagiste-madagascar.com\/#\/schema\/logo\/image\/","url":"https:\/\/voyagiste-madagascar.com\/wp-content\/uploads\/2017\/01\/cropped-logo.png","contentUrl":"https:\/\/voyagiste-madagascar.com\/wp-content\/uploads\/2017\/01\/cropped-logo.png","width":150,"height":60,"caption":"Voyagiste Madagascar"},"image":{"@id":"https:\/\/voyagiste-madagascar.com\/#\/schema\/logo\/image\/"},"sameAs":["https:\/\/www.facebook.com\/VMadagascar\/?ref=ts"]}]}},"_links":{"self":[{"href":"https:\/\/voyagiste-madagascar.com\/fr\/wp-json\/wp\/v2\/pages\/55"}],"collection":[{"href":"https:\/\/voyagiste-madagascar.com\/fr\/wp-json\/wp\/v2\/pages"}],"about":[{"href":"https:\/\/voyagiste-madagascar.com\/fr\/wp-json\/wp\/v2\/types\/page"}],"author":[{"embeddable":true,"href":"https:\/\/voyagiste-madagascar.com\/fr\/wp-json\/wp\/v2\/users\/1"}],"replies":[{"embeddable":true,"href":"https:\/\/voyagiste-madagascar.com\/fr\/wp-json\/wp\/v2\/comments?post=55"}],"version-history":[{"count":9,"href":"https:\/\/voyagiste-madagascar.com\/fr\/wp-json\/wp\/v2\/pages\/55\/revisions"}],"predecessor-version":[{"id":210,"href":"https:\/\/voyagiste-madagascar.com\/fr\/wp-json\/wp\/v2\/pages\/55\/revisions\/210"}],"up":[{"embeddable":true,"href":"https:\/\/voyagiste-madagascar.com\/fr\/wp-json\/wp\/v2\/pages\/25"}],"wp:attachment":[{"href":"https:\/\/voyagiste-madagascar.com\/fr\/wp-json\/wp\/v2\/media?parent=55"}],"curies":[{"name":"wp","href":"https:\/\/api.w.org\/{rel}","templated":true}]}}