{"id":57,"date":"2011-01-05T00:29:50","date_gmt":"2011-01-05T00:29:50","guid":{"rendered":"http:\/\/voyagiste-madagascar.com\/?page_id=57"},"modified":"2011-02-13T06:19:02","modified_gmt":"2011-02-13T06:19:02","slug":"economie","status":"publish","type":"page","link":"https:\/\/voyagiste-madagascar.com\/fr\/decouvrir-madagascar\/economie\/","title":{"rendered":"\u00c9conomie"},"content":{"rendered":"<p>L&rsquo;Agriculture constitue le premier pilier de l&rsquo;\u00e9conomie malgache. Un peu moins de 80% de la population active sont des agriculteurs. Le riz, \u00e9tant l&rsquo;aliment de base des malgaches, est cultiv\u00e9 \u00e0 chaque recoin des terres cultivables. Le riz malgache est de meilleure qualit\u00e9 que celui qui est import\u00e9 des pays asiatiques g\u00e9n\u00e9ralement consomm\u00e9 par la majorit\u00e9 de la population. Le manioc vient ensuite en deuxi\u00e8me place puisqu&rsquo;il remplace l&rsquo;apport en glucide du riz pendant les p\u00e9riodes de soudure. Cette tubercule, de laquelle on fabrique le tapioca mieux connu en occident, commence maintenant \u00e0 \u00eatre valoris\u00e9e davantage. D&rsquo;autres cultures de rente font aussi la renomm\u00e9e mondiale de Madagascar telles que la vanille, le girofle, le poivre et le caf\u00e9. C\u00f4t\u00e9 \u00e9levage, les z\u00e9bus produisent la principale viande consomm\u00e9e sur l&rsquo;\u00cele devant la viande de porc et le poulet. Dans les r\u00e9gions c\u00f4ti\u00e8res, la p\u00eache prime sur les activit\u00e9s d&rsquo;\u00e9levage.<\/p>\n<p>Apr\u00e8s l&rsquo;agriculture, le tourisme constitue la premi\u00e8re source de devises \u00e9trang\u00e8res \u00e0 Madagascar. Bien qu&rsquo;encore moins d\u00e9velopp\u00e9 par rapport \u00e0 ses voisins de l&rsquo;Oc\u00e9an Indien, le tourisme malgache conna\u00eet un essor louable ces derni\u00e8res ann\u00e9es.<\/p>\n<p>Le secteur des mines m\u00e9ritent une attention particuli\u00e8re puisque les grosses compagnies mini\u00e8res canadiennes sont les plus actives dans les exploitations de l&rsquo;ilm\u00e9nite, du titane, du nickel , de l&rsquo;uranium et bien d&rsquo;autres sur l&rsquo;\u00cele. Derni\u00e8rement, plusieurs visites d&rsquo;affaires ont \u00e9t\u00e9 r\u00e9alis\u00e9es par des d\u00e9l\u00e9gations malgaches sur le sol canadien afin de faire la promotion de l&rsquo;investissement minier \u00e0 Madagascar.<\/p>\n","protected":false},"excerpt":{"rendered":"<p>L&rsquo;Agriculture constitue le premier pilier de l&rsquo;\u00e9conomie malgache. Un peu moins de 80% de la population active sont des agriculteurs. Le riz, \u00e9tant l&rsquo;aliment de base des malgaches, est cultiv\u00e9 \u00e0 chaque recoin des&#46;&#46;&#46;<\/p>\n","protected":false},"author":1,"featured_media":0,"parent":25,"menu_order":0,"comment_status":"closed","ping_status":"closed","template":"","meta":{"ngg_post_thumbnail":0,"footnotes":""},"class_list":["post-57","page","type-page","status-publish","hentry"],"_links":{"self":[{"href":"https:\/\/voyagiste-madagascar.com\/fr\/wp-json\/wp\/v2\/pages\/57","targetHints":{"allow":["GET"]}}],"collection":[{"href":"https:\/\/voyagiste-madagascar.com\/fr\/wp-json\/wp\/v2\/pages"}],"about":[{"href":"https:\/\/voyagiste-madagascar.com\/fr\/wp-json\/wp\/v2\/types\/page"}],"author":[{"embeddable":true,"href":"https:\/\/voyagiste-madagascar.com\/fr\/wp-json\/wp\/v2\/users\/1"}],"replies":[{"embeddable":true,"href":"https:\/\/voyagiste-madagascar.com\/fr\/wp-json\/wp\/v2\/comments?post=57"}],"version-history":[{"count":8,"href":"https:\/\/voyagiste-madagascar.com\/fr\/wp-json\/wp\/v2\/pages\/57\/revisions"}],"predecessor-version":[{"id":199,"href":"https:\/\/voyagiste-madagascar.com\/fr\/wp-json\/wp\/v2\/pages\/57\/revisions\/199"}],"up":[{"embeddable":true,"href":"https:\/\/voyagiste-madagascar.com\/fr\/wp-json\/wp\/v2\/pages\/25"}],"wp:attachment":[{"href":"https:\/\/voyagiste-madagascar.com\/fr\/wp-json\/wp\/v2\/media?parent=57"}],"curies":[{"name":"wp","href":"https:\/\/api.w.org\/{rel}","templated":true}]}}