{"id":60,"date":"2011-01-05T00:32:05","date_gmt":"2011-01-05T00:32:05","guid":{"rendered":"http:\/\/voyagiste-madagascar.com\/?page_id=60"},"modified":"2011-02-13T06:18:14","modified_gmt":"2011-02-13T06:18:14","slug":"demographie","status":"publish","type":"page","link":"https:\/\/voyagiste-madagascar.com\/fr\/decouvrir-madagascar\/demographie\/","title":{"rendered":"D\u00e9mographie"},"content":{"rendered":"<div id=\"_mcePaste\">De par ses origines, la population malgache se trouve tr\u00e8s m\u00e9tiss\u00e9e avec des variations selon les r\u00e9gions. Les 18 ethnies de Madagascar sont:<\/p>\n<div id=\"attachment_297\" style=\"width: 160px\" class=\"wp-caption alignright\"><a href=\"http:\/\/voyagiste-madagascar.com\/wp-content\/uploads\/2011\/01\/IMG_42533.jpg\"><img loading=\"lazy\" decoding=\"async\" aria-describedby=\"caption-attachment-297\" class=\"size-thumbnail wp-image-297\" title=\"Rova d'Ambositra\" src=\"http:\/\/voyagiste-madagascar.com\/wp-content\/uploads\/2011\/01\/IMG_42533-150x150.jpg\" alt=\"Rova d'Ambositra\" width=\"150\" height=\"150\" srcset=\"https:\/\/voyagiste-madagascar.com\/wp-content\/uploads\/2011\/01\/IMG_42533-150x150.jpg 150w, https:\/\/voyagiste-madagascar.com\/wp-content\/uploads\/2011\/01\/IMG_42533-160x160.jpg 160w, https:\/\/voyagiste-madagascar.com\/wp-content\/uploads\/2011\/01\/IMG_42533-320x320.jpg 320w\" sizes=\"auto, (max-width: 150px) 100vw, 150px\" \/><\/a><p id=\"caption-attachment-297\" class=\"wp-caption-text\">Rova d&#39;Ambositra<\/p><\/div>\n<\/div>\n<div id=\"_mcePaste\">&#8211; Antakarana, Sakalava, Tsimihety, Vezo : dans la r\u00e9gion du nord et nourd ouest<\/div>\n<div id=\"_mcePaste\">&#8211; Betsimisaraka, Sihanaka, Bezanozano: dans la r\u00e9gion nord est<\/div>\n<div id=\"_mcePaste\">&#8211; Merina, Betsileo au centre<\/div>\n<div id=\"_mcePaste\">&#8211; Antaifasy, Antambahoaka, Antemoro, Antaisaka, Tanala: dans la r\u00e9gion sud est<\/div>\n<div id=\"_mcePaste\">&#8211; Mahafaly, Antandroy, Antanosy, Bara: dans la r\u00e9gion sud et sud ouest<\/div>\n<p>De par ses origines, la population malgache se trouve tr\u00e8s m\u00e9tiss\u00e9e avec des variations selon les r\u00e9gions. Les 18 ethnies de Madagascar sont:- Antakarana, Sakalava, Tsimihety, Vezo : dans la r\u00e9gion du nord et nourd ouest- Betsimisaraka, Sihanaka, Bezanozano: dans la r\u00e9gion nord est- Merina, Betsileo au centre- Antaifasy, Antambahoaka, Antemoro, Antaisaka, Tanala: dans la r\u00e9gion sud est- mahafaly, Antandroy, Antanosy, Bara: dans la r\u00e9gion sud et sud ouest<\/p>\n","protected":false},"excerpt":{"rendered":"<p>De par ses origines, la population malgache se trouve tr\u00e8s m\u00e9tiss\u00e9e avec des variations selon les r\u00e9gions. Les 18 ethnies de Madagascar sont: &#8211; Antakarana, Sakalava, Tsimihety, Vezo : dans la r\u00e9gion du nord&#46;&#46;&#46;<\/p>\n","protected":false},"author":1,"featured_media":0,"parent":25,"menu_order":0,"comment_status":"closed","ping_status":"closed","template":"","meta":{"ngg_post_thumbnail":0,"footnotes":""},"class_list":["post-60","page","type-page","status-publish","hentry"],"yoast_head":"<!-- This site is optimized with the Yoast SEO plugin v27.5 - https:\/\/yoast.com\/product\/yoast-seo-wordpress\/ -->\n<title>D\u00e9mographie &#183; Voyagiste Madagascar<\/title>\n<meta name=\"robots\" content=\"index, follow, max-snippet:-1, max-image-preview:large, max-video-preview:-1\" \/>\n<link rel=\"canonical\" href=\"https:\/\/voyagiste-madagascar.com\/decouvrir-madagascar\/demographie\/\" \/>\n<meta property=\"og:locale\" content=\"fr_FR\" \/>\n<meta property=\"og:type\" content=\"article\" \/>\n<meta property=\"og:title\" content=\"D\u00e9mographie &#183; Voyagiste Madagascar\" \/>\n<meta property=\"og:description\" content=\"De par ses origines, la population malgache se trouve tr\u00e8s m\u00e9tiss\u00e9e avec des variations selon les r\u00e9gions. Les 18 ethnies de Madagascar sont: &#8211; Antakarana, Sakalava, Tsimihety, Vezo : dans la r\u00e9gion du nord&#046;&#046;&#046;\" \/>\n<meta property=\"og:url\" content=\"https:\/\/voyagiste-madagascar.com\/decouvrir-madagascar\/demographie\/\" \/>\n<meta property=\"og:site_name\" content=\"Voyagiste Madagascar\" \/>\n<meta property=\"article:publisher\" content=\"https:\/\/www.facebook.com\/VMadagascar\/?ref=ts\" \/>\n<meta property=\"article:modified_time\" content=\"2011-02-13T06:18:14+00:00\" \/>\n<meta property=\"og:image\" content=\"http:\/\/voyagiste-madagascar.com\/wp-content\/uploads\/2011\/01\/IMG_42533-150x150.jpg\" \/>\n<meta name=\"twitter:card\" content=\"summary_large_image\" \/>\n<meta name=\"twitter:label1\" content=\"Dur\u00e9e de lecture estim\u00e9e\" \/>\n\t<meta name=\"twitter:data1\" content=\"1 minute\" \/>\n<script type=\"application\/ld+json\" class=\"yoast-schema-graph\">{\"@context\":\"https:\\\/\\\/schema.org\",\"@graph\":[{\"@type\":\"WebPage\",\"@id\":\"https:\\\/\\\/voyagiste-madagascar.com\\\/decouvrir-madagascar\\\/demographie\\\/\",\"url\":\"https:\\\/\\\/voyagiste-madagascar.com\\\/decouvrir-madagascar\\\/demographie\\\/\",\"name\":\"D\u00e9mographie &#183; Voyagiste Madagascar\",\"isPartOf\":{\"@id\":\"https:\\\/\\\/voyagiste-madagascar.com\\\/#website\"},\"primaryImageOfPage\":{\"@id\":\"https:\\\/\\\/voyagiste-madagascar.com\\\/decouvrir-madagascar\\\/demographie\\\/#primaryimage\"},\"image\":{\"@id\":\"https:\\\/\\\/voyagiste-madagascar.com\\\/decouvrir-madagascar\\\/demographie\\\/#primaryimage\"},\"thumbnailUrl\":\"http:\\\/\\\/voyagiste-madagascar.com\\\/wp-content\\\/uploads\\\/2011\\\/01\\\/IMG_42533-150x150.jpg\",\"datePublished\":\"2011-01-05T00:32:05+00:00\",\"dateModified\":\"2011-02-13T06:18:14+00:00\",\"breadcrumb\":{\"@id\":\"https:\\\/\\\/voyagiste-madagascar.com\\\/decouvrir-madagascar\\\/demographie\\\/#breadcrumb\"},\"inLanguage\":\"fr-FR\",\"potentialAction\":[{\"@type\":\"ReadAction\",\"target\":[\"https:\\\/\\\/voyagiste-madagascar.com\\\/decouvrir-madagascar\\\/demographie\\\/\"]}]},{\"@type\":\"ImageObject\",\"inLanguage\":\"fr-FR\",\"@id\":\"https:\\\/\\\/voyagiste-madagascar.com\\\/decouvrir-madagascar\\\/demographie\\\/#primaryimage\",\"url\":\"http:\\\/\\\/voyagiste-madagascar.com\\\/wp-content\\\/uploads\\\/2011\\\/01\\\/IMG_42533-150x150.jpg\",\"contentUrl\":\"http:\\\/\\\/voyagiste-madagascar.com\\\/wp-content\\\/uploads\\\/2011\\\/01\\\/IMG_42533-150x150.jpg\"},{\"@type\":\"BreadcrumbList\",\"@id\":\"https:\\\/\\\/voyagiste-madagascar.com\\\/decouvrir-madagascar\\\/demographie\\\/#breadcrumb\",\"itemListElement\":[{\"@type\":\"ListItem\",\"position\":1,\"name\":\"Home\",\"item\":\"https:\\\/\\\/voyagiste-madagascar.com\\\/\"},{\"@type\":\"ListItem\",\"position\":2,\"name\":\"D\u00e9couvrir Madagascar\",\"item\":\"https:\\\/\\\/voyagiste-madagascar.com\\\/decouvrir-madagascar\\\/\"},{\"@type\":\"ListItem\",\"position\":3,\"name\":\"D\u00e9mographie\"}]},{\"@type\":\"WebSite\",\"@id\":\"https:\\\/\\\/voyagiste-madagascar.com\\\/#website\",\"url\":\"https:\\\/\\\/voyagiste-madagascar.com\\\/\",\"name\":\"Voyagiste Madagascar\",\"description\":\"Explore Madagascar with Confidence\",\"publisher\":{\"@id\":\"https:\\\/\\\/voyagiste-madagascar.com\\\/#organization\"},\"potentialAction\":[{\"@type\":\"SearchAction\",\"target\":{\"@type\":\"EntryPoint\",\"urlTemplate\":\"https:\\\/\\\/voyagiste-madagascar.com\\\/?s={search_term_string}\"},\"query-input\":{\"@type\":\"PropertyValueSpecification\",\"valueRequired\":true,\"valueName\":\"search_term_string\"}}],\"inLanguage\":\"fr-FR\"},{\"@type\":\"Organization\",\"@id\":\"https:\\\/\\\/voyagiste-madagascar.com\\\/#organization\",\"name\":\"Voyagiste Madagascar\",\"url\":\"https:\\\/\\\/voyagiste-madagascar.com\\\/\",\"logo\":{\"@type\":\"ImageObject\",\"inLanguage\":\"fr-FR\",\"@id\":\"https:\\\/\\\/voyagiste-madagascar.com\\\/#\\\/schema\\\/logo\\\/image\\\/\",\"url\":\"https:\\\/\\\/voyagiste-madagascar.com\\\/wp-content\\\/uploads\\\/2017\\\/01\\\/cropped-logo.png\",\"contentUrl\":\"https:\\\/\\\/voyagiste-madagascar.com\\\/wp-content\\\/uploads\\\/2017\\\/01\\\/cropped-logo.png\",\"width\":150,\"height\":60,\"caption\":\"Voyagiste Madagascar\"},\"image\":{\"@id\":\"https:\\\/\\\/voyagiste-madagascar.com\\\/#\\\/schema\\\/logo\\\/image\\\/\"},\"sameAs\":[\"https:\\\/\\\/www.facebook.com\\\/VMadagascar\\\/?ref=ts\"]}]}<\/script>\n<!-- \/ Yoast SEO plugin. -->","yoast_head_json":{"title":"D\u00e9mographie &#183; Voyagiste Madagascar","robots":{"index":"index","follow":"follow","max-snippet":"max-snippet:-1","max-image-preview":"max-image-preview:large","max-video-preview":"max-video-preview:-1"},"canonical":"https:\/\/voyagiste-madagascar.com\/decouvrir-madagascar\/demographie\/","og_locale":"fr_FR","og_type":"article","og_title":"D\u00e9mographie &#183; Voyagiste Madagascar","og_description":"De par ses origines, la population malgache se trouve tr\u00e8s m\u00e9tiss\u00e9e avec des variations selon les r\u00e9gions. Les 18 ethnies de Madagascar sont: &#8211; Antakarana, Sakalava, Tsimihety, Vezo : dans la r\u00e9gion du nord&#46;&#46;&#46;","og_url":"https:\/\/voyagiste-madagascar.com\/decouvrir-madagascar\/demographie\/","og_site_name":"Voyagiste Madagascar","article_publisher":"https:\/\/www.facebook.com\/VMadagascar\/?ref=ts","article_modified_time":"2011-02-13T06:18:14+00:00","og_image":[{"url":"http:\/\/voyagiste-madagascar.com\/wp-content\/uploads\/2011\/01\/IMG_42533-150x150.jpg","type":"","width":"","height":""}],"twitter_card":"summary_large_image","twitter_misc":{"Dur\u00e9e de lecture estim\u00e9e":"1 minute"},"schema":{"@context":"https:\/\/schema.org","@graph":[{"@type":"WebPage","@id":"https:\/\/voyagiste-madagascar.com\/decouvrir-madagascar\/demographie\/","url":"https:\/\/voyagiste-madagascar.com\/decouvrir-madagascar\/demographie\/","name":"D\u00e9mographie &#183; Voyagiste Madagascar","isPartOf":{"@id":"https:\/\/voyagiste-madagascar.com\/#website"},"primaryImageOfPage":{"@id":"https:\/\/voyagiste-madagascar.com\/decouvrir-madagascar\/demographie\/#primaryimage"},"image":{"@id":"https:\/\/voyagiste-madagascar.com\/decouvrir-madagascar\/demographie\/#primaryimage"},"thumbnailUrl":"http:\/\/voyagiste-madagascar.com\/wp-content\/uploads\/2011\/01\/IMG_42533-150x150.jpg","datePublished":"2011-01-05T00:32:05+00:00","dateModified":"2011-02-13T06:18:14+00:00","breadcrumb":{"@id":"https:\/\/voyagiste-madagascar.com\/decouvrir-madagascar\/demographie\/#breadcrumb"},"inLanguage":"fr-FR","potentialAction":[{"@type":"ReadAction","target":["https:\/\/voyagiste-madagascar.com\/decouvrir-madagascar\/demographie\/"]}]},{"@type":"ImageObject","inLanguage":"fr-FR","@id":"https:\/\/voyagiste-madagascar.com\/decouvrir-madagascar\/demographie\/#primaryimage","url":"http:\/\/voyagiste-madagascar.com\/wp-content\/uploads\/2011\/01\/IMG_42533-150x150.jpg","contentUrl":"http:\/\/voyagiste-madagascar.com\/wp-content\/uploads\/2011\/01\/IMG_42533-150x150.jpg"},{"@type":"BreadcrumbList","@id":"https:\/\/voyagiste-madagascar.com\/decouvrir-madagascar\/demographie\/#breadcrumb","itemListElement":[{"@type":"ListItem","position":1,"name":"Home","item":"https:\/\/voyagiste-madagascar.com\/"},{"@type":"ListItem","position":2,"name":"D\u00e9couvrir Madagascar","item":"https:\/\/voyagiste-madagascar.com\/decouvrir-madagascar\/"},{"@type":"ListItem","position":3,"name":"D\u00e9mographie"}]},{"@type":"WebSite","@id":"https:\/\/voyagiste-madagascar.com\/#website","url":"https:\/\/voyagiste-madagascar.com\/","name":"Voyagiste Madagascar","description":"Explore Madagascar with Confidence","publisher":{"@id":"https:\/\/voyagiste-madagascar.com\/#organization"},"potentialAction":[{"@type":"SearchAction","target":{"@type":"EntryPoint","urlTemplate":"https:\/\/voyagiste-madagascar.com\/?s={search_term_string}"},"query-input":{"@type":"PropertyValueSpecification","valueRequired":true,"valueName":"search_term_string"}}],"inLanguage":"fr-FR"},{"@type":"Organization","@id":"https:\/\/voyagiste-madagascar.com\/#organization","name":"Voyagiste Madagascar","url":"https:\/\/voyagiste-madagascar.com\/","logo":{"@type":"ImageObject","inLanguage":"fr-FR","@id":"https:\/\/voyagiste-madagascar.com\/#\/schema\/logo\/image\/","url":"https:\/\/voyagiste-madagascar.com\/wp-content\/uploads\/2017\/01\/cropped-logo.png","contentUrl":"https:\/\/voyagiste-madagascar.com\/wp-content\/uploads\/2017\/01\/cropped-logo.png","width":150,"height":60,"caption":"Voyagiste Madagascar"},"image":{"@id":"https:\/\/voyagiste-madagascar.com\/#\/schema\/logo\/image\/"},"sameAs":["https:\/\/www.facebook.com\/VMadagascar\/?ref=ts"]}]}},"_links":{"self":[{"href":"https:\/\/voyagiste-madagascar.com\/fr\/wp-json\/wp\/v2\/pages\/60","targetHints":{"allow":["GET"]}}],"collection":[{"href":"https:\/\/voyagiste-madagascar.com\/fr\/wp-json\/wp\/v2\/pages"}],"about":[{"href":"https:\/\/voyagiste-madagascar.com\/fr\/wp-json\/wp\/v2\/types\/page"}],"author":[{"embeddable":true,"href":"https:\/\/voyagiste-madagascar.com\/fr\/wp-json\/wp\/v2\/users\/1"}],"replies":[{"embeddable":true,"href":"https:\/\/voyagiste-madagascar.com\/fr\/wp-json\/wp\/v2\/comments?post=60"}],"version-history":[{"count":11,"href":"https:\/\/voyagiste-madagascar.com\/fr\/wp-json\/wp\/v2\/pages\/60\/revisions"}],"predecessor-version":[{"id":468,"href":"https:\/\/voyagiste-madagascar.com\/fr\/wp-json\/wp\/v2\/pages\/60\/revisions\/468"}],"up":[{"embeddable":true,"href":"https:\/\/voyagiste-madagascar.com\/fr\/wp-json\/wp\/v2\/pages\/25"}],"wp:attachment":[{"href":"https:\/\/voyagiste-madagascar.com\/fr\/wp-json\/wp\/v2\/media?parent=60"}],"curies":[{"name":"wp","href":"https:\/\/api.w.org\/{rel}","templated":true}]}}