{"id":62,"date":"2011-01-05T00:32:41","date_gmt":"2011-01-05T00:32:41","guid":{"rendered":"http:\/\/voyagiste-madagascar.com\/?page_id=62"},"modified":"2011-02-13T06:20:49","modified_gmt":"2011-02-13T06:20:49","slug":"langue","status":"publish","type":"page","link":"https:\/\/voyagiste-madagascar.com\/fr\/decouvrir-madagascar\/langue\/","title":{"rendered":"La langue malgache"},"content":{"rendered":"<p>Madagascar pr\u00e9sente diff\u00e9rentes sortes de dialectes qui diff\u00e8rent \u00e0 chaque r\u00e9gion aussi bien au niveau du vocabulaire qu&rsquo;au niveau de la prononciation et de la syntaxe. Contrairement \u00e0 ce qui se passe dans plusieurs pays africains, et sauf cas extr\u00eame, deux malgaches parlant avec diff\u00e9rents dialectes se comprennent entre eux.<\/p>\n<p>Il existe cependant la langue malgache officielle facilement comprise par la plupart de la population et qui est principalement issue du dialecte des hauts plateaux.<\/p>\n","protected":false},"excerpt":{"rendered":"<p>Madagascar pr\u00e9sente diff\u00e9rentes sortes de dialectes qui diff\u00e8rent \u00e0 chaque r\u00e9gion aussi bien au niveau du vocabulaire qu&rsquo;au niveau de la prononciation et de la syntaxe. Contrairement \u00e0 ce qui se passe dans plusieurs&#46;&#46;&#46;<\/p>\n","protected":false},"author":1,"featured_media":0,"parent":25,"menu_order":0,"comment_status":"closed","ping_status":"closed","template":"","meta":{"ngg_post_thumbnail":0,"footnotes":""},"yoast_head":"<!-- This site is optimized with the Yoast SEO plugin v22.1 - https:\/\/yoast.com\/wordpress\/plugins\/seo\/ -->\n<title>La langue malgache &#183; Voyagiste Madagascar<\/title>\n<meta name=\"robots\" content=\"index, follow, max-snippet:-1, max-image-preview:large, max-video-preview:-1\" \/>\n<link rel=\"canonical\" href=\"https:\/\/voyagiste-madagascar.com\/decouvrir-madagascar\/langue\/\" \/>\n<meta property=\"og:locale\" content=\"fr_FR\" \/>\n<meta property=\"og:type\" content=\"article\" \/>\n<meta property=\"og:title\" content=\"La langue malgache &#183; Voyagiste Madagascar\" \/>\n<meta property=\"og:description\" content=\"Madagascar pr\u00e9sente diff\u00e9rentes sortes de dialectes qui diff\u00e8rent \u00e0 chaque r\u00e9gion aussi bien au niveau du vocabulaire qu&rsquo;au niveau de la prononciation et de la syntaxe. Contrairement \u00e0 ce qui se passe dans plusieurs&#046;&#046;&#046;\" \/>\n<meta property=\"og:url\" content=\"https:\/\/voyagiste-madagascar.com\/decouvrir-madagascar\/langue\/\" \/>\n<meta property=\"og:site_name\" content=\"Voyagiste Madagascar\" \/>\n<meta property=\"article:publisher\" content=\"https:\/\/www.facebook.com\/VMadagascar\/?ref=ts\" \/>\n<meta property=\"article:modified_time\" content=\"2011-02-13T06:20:49+00:00\" \/>\n<meta name=\"twitter:card\" content=\"summary_large_image\" \/>\n<script type=\"application\/ld+json\" class=\"yoast-schema-graph\">{\"@context\":\"https:\/\/schema.org\",\"@graph\":[{\"@type\":\"WebPage\",\"@id\":\"https:\/\/voyagiste-madagascar.com\/decouvrir-madagascar\/langue\/\",\"url\":\"https:\/\/voyagiste-madagascar.com\/decouvrir-madagascar\/langue\/\",\"name\":\"La langue malgache &#183; Voyagiste Madagascar\",\"isPartOf\":{\"@id\":\"https:\/\/voyagiste-madagascar.com\/#website\"},\"datePublished\":\"2011-01-05T00:32:41+00:00\",\"dateModified\":\"2011-02-13T06:20:49+00:00\",\"breadcrumb\":{\"@id\":\"https:\/\/voyagiste-madagascar.com\/decouvrir-madagascar\/langue\/#breadcrumb\"},\"inLanguage\":\"fr-FR\",\"potentialAction\":[{\"@type\":\"ReadAction\",\"target\":[\"https:\/\/voyagiste-madagascar.com\/decouvrir-madagascar\/langue\/\"]}]},{\"@type\":\"BreadcrumbList\",\"@id\":\"https:\/\/voyagiste-madagascar.com\/decouvrir-madagascar\/langue\/#breadcrumb\",\"itemListElement\":[{\"@type\":\"ListItem\",\"position\":1,\"name\":\"Home\",\"item\":\"https:\/\/voyagiste-madagascar.com\/\"},{\"@type\":\"ListItem\",\"position\":2,\"name\":\"D\u00e9couvrir Madagascar\",\"item\":\"https:\/\/voyagiste-madagascar.com\/decouvrir-madagascar\/\"},{\"@type\":\"ListItem\",\"position\":3,\"name\":\"La langue malgache\"}]},{\"@type\":\"WebSite\",\"@id\":\"https:\/\/voyagiste-madagascar.com\/#website\",\"url\":\"https:\/\/voyagiste-madagascar.com\/\",\"name\":\"Voyagiste Madagascar\",\"description\":\"Travel Guide &amp; Tips\",\"publisher\":{\"@id\":\"https:\/\/voyagiste-madagascar.com\/#organization\"},\"potentialAction\":[{\"@type\":\"SearchAction\",\"target\":{\"@type\":\"EntryPoint\",\"urlTemplate\":\"https:\/\/voyagiste-madagascar.com\/?s={search_term_string}\"},\"query-input\":\"required name=search_term_string\"}],\"inLanguage\":\"fr-FR\"},{\"@type\":\"Organization\",\"@id\":\"https:\/\/voyagiste-madagascar.com\/#organization\",\"name\":\"Voyagiste Madagascar\",\"url\":\"https:\/\/voyagiste-madagascar.com\/\",\"logo\":{\"@type\":\"ImageObject\",\"inLanguage\":\"fr-FR\",\"@id\":\"https:\/\/voyagiste-madagascar.com\/#\/schema\/logo\/image\/\",\"url\":\"https:\/\/voyagiste-madagascar.com\/wp-content\/uploads\/2017\/01\/cropped-logo.png\",\"contentUrl\":\"https:\/\/voyagiste-madagascar.com\/wp-content\/uploads\/2017\/01\/cropped-logo.png\",\"width\":150,\"height\":60,\"caption\":\"Voyagiste Madagascar\"},\"image\":{\"@id\":\"https:\/\/voyagiste-madagascar.com\/#\/schema\/logo\/image\/\"},\"sameAs\":[\"https:\/\/www.facebook.com\/VMadagascar\/?ref=ts\"]}]}<\/script>\n<!-- \/ Yoast SEO plugin. -->","yoast_head_json":{"title":"La langue malgache &#183; Voyagiste Madagascar","robots":{"index":"index","follow":"follow","max-snippet":"max-snippet:-1","max-image-preview":"max-image-preview:large","max-video-preview":"max-video-preview:-1"},"canonical":"https:\/\/voyagiste-madagascar.com\/decouvrir-madagascar\/langue\/","og_locale":"fr_FR","og_type":"article","og_title":"La langue malgache &#183; Voyagiste Madagascar","og_description":"Madagascar pr\u00e9sente diff\u00e9rentes sortes de dialectes qui diff\u00e8rent \u00e0 chaque r\u00e9gion aussi bien au niveau du vocabulaire qu&rsquo;au niveau de la prononciation et de la syntaxe. Contrairement \u00e0 ce qui se passe dans plusieurs&#46;&#46;&#46;","og_url":"https:\/\/voyagiste-madagascar.com\/decouvrir-madagascar\/langue\/","og_site_name":"Voyagiste Madagascar","article_publisher":"https:\/\/www.facebook.com\/VMadagascar\/?ref=ts","article_modified_time":"2011-02-13T06:20:49+00:00","twitter_card":"summary_large_image","schema":{"@context":"https:\/\/schema.org","@graph":[{"@type":"WebPage","@id":"https:\/\/voyagiste-madagascar.com\/decouvrir-madagascar\/langue\/","url":"https:\/\/voyagiste-madagascar.com\/decouvrir-madagascar\/langue\/","name":"La langue malgache &#183; Voyagiste Madagascar","isPartOf":{"@id":"https:\/\/voyagiste-madagascar.com\/#website"},"datePublished":"2011-01-05T00:32:41+00:00","dateModified":"2011-02-13T06:20:49+00:00","breadcrumb":{"@id":"https:\/\/voyagiste-madagascar.com\/decouvrir-madagascar\/langue\/#breadcrumb"},"inLanguage":"fr-FR","potentialAction":[{"@type":"ReadAction","target":["https:\/\/voyagiste-madagascar.com\/decouvrir-madagascar\/langue\/"]}]},{"@type":"BreadcrumbList","@id":"https:\/\/voyagiste-madagascar.com\/decouvrir-madagascar\/langue\/#breadcrumb","itemListElement":[{"@type":"ListItem","position":1,"name":"Home","item":"https:\/\/voyagiste-madagascar.com\/"},{"@type":"ListItem","position":2,"name":"D\u00e9couvrir Madagascar","item":"https:\/\/voyagiste-madagascar.com\/decouvrir-madagascar\/"},{"@type":"ListItem","position":3,"name":"La langue malgache"}]},{"@type":"WebSite","@id":"https:\/\/voyagiste-madagascar.com\/#website","url":"https:\/\/voyagiste-madagascar.com\/","name":"Voyagiste Madagascar","description":"Travel Guide &amp; Tips","publisher":{"@id":"https:\/\/voyagiste-madagascar.com\/#organization"},"potentialAction":[{"@type":"SearchAction","target":{"@type":"EntryPoint","urlTemplate":"https:\/\/voyagiste-madagascar.com\/?s={search_term_string}"},"query-input":"required name=search_term_string"}],"inLanguage":"fr-FR"},{"@type":"Organization","@id":"https:\/\/voyagiste-madagascar.com\/#organization","name":"Voyagiste Madagascar","url":"https:\/\/voyagiste-madagascar.com\/","logo":{"@type":"ImageObject","inLanguage":"fr-FR","@id":"https:\/\/voyagiste-madagascar.com\/#\/schema\/logo\/image\/","url":"https:\/\/voyagiste-madagascar.com\/wp-content\/uploads\/2017\/01\/cropped-logo.png","contentUrl":"https:\/\/voyagiste-madagascar.com\/wp-content\/uploads\/2017\/01\/cropped-logo.png","width":150,"height":60,"caption":"Voyagiste Madagascar"},"image":{"@id":"https:\/\/voyagiste-madagascar.com\/#\/schema\/logo\/image\/"},"sameAs":["https:\/\/www.facebook.com\/VMadagascar\/?ref=ts"]}]}},"_links":{"self":[{"href":"https:\/\/voyagiste-madagascar.com\/fr\/wp-json\/wp\/v2\/pages\/62"}],"collection":[{"href":"https:\/\/voyagiste-madagascar.com\/fr\/wp-json\/wp\/v2\/pages"}],"about":[{"href":"https:\/\/voyagiste-madagascar.com\/fr\/wp-json\/wp\/v2\/types\/page"}],"author":[{"embeddable":true,"href":"https:\/\/voyagiste-madagascar.com\/fr\/wp-json\/wp\/v2\/users\/1"}],"replies":[{"embeddable":true,"href":"https:\/\/voyagiste-madagascar.com\/fr\/wp-json\/wp\/v2\/comments?post=62"}],"version-history":[{"count":8,"href":"https:\/\/voyagiste-madagascar.com\/fr\/wp-json\/wp\/v2\/pages\/62\/revisions"}],"predecessor-version":[{"id":474,"href":"https:\/\/voyagiste-madagascar.com\/fr\/wp-json\/wp\/v2\/pages\/62\/revisions\/474"}],"up":[{"embeddable":true,"href":"https:\/\/voyagiste-madagascar.com\/fr\/wp-json\/wp\/v2\/pages\/25"}],"wp:attachment":[{"href":"https:\/\/voyagiste-madagascar.com\/fr\/wp-json\/wp\/v2\/media?parent=62"}],"curies":[{"name":"wp","href":"https:\/\/api.w.org\/{rel}","templated":true}]}}