{"id":64,"date":"2011-01-05T00:34:05","date_gmt":"2011-01-05T00:34:05","guid":{"rendered":"http:\/\/voyagiste-madagascar.com\/?page_id=64"},"modified":"2011-02-13T06:17:46","modified_gmt":"2011-02-13T06:17:46","slug":"culture","status":"publish","type":"page","link":"https:\/\/voyagiste-madagascar.com\/fr\/decouvrir-madagascar\/culture\/","title":{"rendered":"Culture"},"content":{"rendered":"<div id=\"_mcePaste\">Apr\u00e8s l&rsquo;\u00e9cotourisme, l&rsquo;art et la culture constitue le deuxi\u00e8me meilleur ambassadeur de Madagascar dans le monde. \u00c0 chaque salon ou exposition pr\u00e9sentant la Grande \u00cele, l&rsquo;artisanat est omnipr\u00e9sente. Chaque r\u00e9gion poss\u00e8de sa propre sp\u00e9cialit\u00e9 dans ce domaine mais le point commun c&rsquo;est que les articles en sont g\u00e9n\u00e9ralement fabriqu\u00e9s \u00e0 partir de mati\u00e8res premi\u00e8res naturelles.<\/div>\n<div id=\"_mcePaste\">Du c\u00f4t\u00e9 de la musique, plusieurs chanteurs d&rsquo;origine malgache ont poursuivi leur carri\u00e8re internationalement dont la plupart en Europe, mais \u00e9galement en Am\u00e9rique du Nord, en Afrique et dans les \u00eeles voisines. Le rythme malgache le plus populaire est le \u00ab\u00a0salegy\u00a0\u00bb, une musique entra\u00eenante faite pour danser avec un beat tropical traditionnel mais qui se joue avec des instruments \u00e9lectriques. Jaojoby Eusebe et Tianjama sont les ma\u00eetres dans ce domaine.<\/p>\n<div id=\"attachment_304\" style=\"width: 298px\" class=\"wp-caption alignright\"><a href=\"http:\/\/voyagiste-madagascar.com\/wp-content\/uploads\/2011\/01\/DSC002781.jpg\"><img loading=\"lazy\" decoding=\"async\" aria-describedby=\"caption-attachment-304\" class=\"size-medium wp-image-304\" title=\"Instruments de musique malgache\" src=\"http:\/\/voyagiste-madagascar.com\/wp-content\/uploads\/2011\/01\/DSC002781-288x300.jpg\" alt=\"Instruments de musique malgache\" width=\"288\" height=\"300\" srcset=\"https:\/\/voyagiste-madagascar.com\/wp-content\/uploads\/2011\/01\/DSC002781-288x300.jpg 288w, https:\/\/voyagiste-madagascar.com\/wp-content\/uploads\/2011\/01\/DSC002781.jpg 350w\" sizes=\"auto, (max-width: 288px) 100vw, 288px\" \/><\/a><p id=\"caption-attachment-304\" class=\"wp-caption-text\">Instruments de musique malgache<\/p><\/div>\n<\/div>\n<div id=\"_mcePaste\">En ce qui concerne la litt\u00e9rature et la peinture, plusieurs \u00e9crivains et artistes peintres de talent ont entretenu la grande richesse culturelle des Ntaolo gasy d&rsquo;avant la colonisation. En ces temps l\u00e0, les contes et l\u00e9gendes faisaient partie int\u00e9grante de l&rsquo;\u00e9ducation de chaque enfant. Les dictons et les paraboles quant \u00e0 eux ont \u00e9t\u00e9 destin\u00e9s aux plus \u00e2g\u00e9s. Les romans et la po\u00e9sie ne sont pas non plus en reste. Des expositions de peintures locales ont \u00e9galement r\u00e9guli\u00e8rement lieu dans les diff\u00e9rents centres culturels.<\/div>\n<div id=\"_mcePaste\">D&rsquo;un autre c\u00f4t\u00e9, l&rsquo;industrie de la mode malgache cona\u00eet un essor assez remarquable.<\/div>\n<div id=\"_mcePaste\">Plusieurs designers de plus en plus professionnels exploitent maintenant les mati\u00e8res premi\u00e8res naturelles locales telles que la soie, le coton, le raphia, etc. pour en faire de la haute couture ou tout simplement pour moderniser le \u00ab\u00a0look \u00e0 la malgache\u00a0\u00bb.<\/div>\n<p>Apr\u00e8s l&rsquo;\u00e9cotourisme, l&rsquo;art et la culture constitue le deuxi\u00e8me meilleur ambassadeur de Madagascar dans le monde. \u00c0 chaque salon ou exposition pr\u00e9sentant la Grande \u00cele, l&rsquo;artisanat est omnipr\u00e9sente. Chaque r\u00e9gion poss\u00e8de sa propre sp\u00e9cialit\u00e9 dans ce domaine mais le point commun c&rsquo;est que les articles en sont g\u00e9n\u00e9ralement fabriqu\u00e9s \u00e0 partir de mati\u00e8res premi\u00e8res naturelles.Du c\u00f4t\u00e9 de la musique, plusieurs chanteurs d&rsquo;origine malgache ont poursuivi leur carri\u00e8re internationalement dont la plupart en Europe, mais \u00e9galement en Am\u00e9rique du Nord, en Afrique et dans les \u00eeles voisines. Le rythme malgache le plus populaire est le \u00ab\u00a0salegy\u00a0\u00bb, une musique entra\u00eenante faite pour danser avec un beat tropical traditionnel mais qui se joue avec des instruments \u00e9lectriques. Jaojoby Eusebe et Tianjama sont les ma\u00eetres dans ce domaine.En ce qui concerne la litt\u00e9rature et la peinture, plusieurs \u00e9crivains et artistes peintres de talent ont entretenu la grande richesse culturelle des Ntaolo gasy d&rsquo;avant la colonisation. En ces temps l\u00e0, les contes et l\u00e9gendes faisaient partie int\u00e9grante de l&rsquo;\u00e9ducation de chaque enfant. Les dictons et les paraboles quant \u00e0 eux ont \u00e9t\u00e9 destin\u00e9s aux plus \u00e2g\u00e9s. Les romans et la po\u00e9sie ne sont pas non plus en reste. Des expositions de peintures locales ont \u00e9galement r\u00e9guli\u00e8rement lieu dans les diff\u00e9rents centres culturels.D&rsquo;un autre c\u00f4t\u00e9, l&rsquo;industrie de la mode malgache cona\u00eet un essor assez remarquable.Plusieurs designers de plus en plus professionnels exploitent maintenant les mati\u00e8res premi\u00e8res naturelles locales telles que la soie, le coton, le raphia, etc. pour en faire de la haute couture ou tout simplement pour moderniser le \u00ab\u00a0look \u00e0 la malgache\u00a0\u00bb.<\/p>\n","protected":false},"excerpt":{"rendered":"<p>Apr\u00e8s l&rsquo;\u00e9cotourisme, l&rsquo;art et la culture constitue le deuxi\u00e8me meilleur ambassadeur de Madagascar dans le monde. \u00c0 chaque salon ou exposition pr\u00e9sentant la Grande \u00cele, l&rsquo;artisanat est omnipr\u00e9sente. Chaque r\u00e9gion poss\u00e8de sa propre sp\u00e9cialit\u00e9&#46;&#46;&#46;<\/p>\n","protected":false},"author":1,"featured_media":0,"parent":25,"menu_order":0,"comment_status":"closed","ping_status":"closed","template":"","meta":{"ngg_post_thumbnail":0,"footnotes":""},"class_list":["post-64","page","type-page","status-publish","hentry"],"yoast_head":"<!-- This site is optimized with the Yoast SEO plugin v27.5 - https:\/\/yoast.com\/product\/yoast-seo-wordpress\/ -->\n<title>Culture &#183; Voyagiste Madagascar<\/title>\n<meta name=\"robots\" content=\"index, follow, max-snippet:-1, max-image-preview:large, max-video-preview:-1\" \/>\n<link rel=\"canonical\" href=\"https:\/\/voyagiste-madagascar.com\/decouvrir-madagascar\/culture\/\" \/>\n<meta property=\"og:locale\" content=\"fr_FR\" \/>\n<meta property=\"og:type\" content=\"article\" \/>\n<meta property=\"og:title\" content=\"Culture &#183; Voyagiste Madagascar\" \/>\n<meta property=\"og:description\" content=\"Apr\u00e8s l&rsquo;\u00e9cotourisme, l&rsquo;art et la culture constitue le deuxi\u00e8me meilleur ambassadeur de Madagascar dans le monde. \u00c0 chaque salon ou exposition pr\u00e9sentant la Grande \u00cele, l&rsquo;artisanat est omnipr\u00e9sente. Chaque r\u00e9gion poss\u00e8de sa propre sp\u00e9cialit\u00e9&#046;&#046;&#046;\" \/>\n<meta property=\"og:url\" content=\"https:\/\/voyagiste-madagascar.com\/decouvrir-madagascar\/culture\/\" \/>\n<meta property=\"og:site_name\" content=\"Voyagiste Madagascar\" \/>\n<meta property=\"article:publisher\" content=\"https:\/\/www.facebook.com\/VMadagascar\/?ref=ts\" \/>\n<meta property=\"article:modified_time\" content=\"2011-02-13T06:17:46+00:00\" \/>\n<meta property=\"og:image\" content=\"http:\/\/voyagiste-madagascar.com\/wp-content\/uploads\/2011\/01\/DSC002781-288x300.jpg\" \/>\n<meta name=\"twitter:card\" content=\"summary_large_image\" \/>\n<meta name=\"twitter:label1\" content=\"Dur\u00e9e de lecture estim\u00e9e\" \/>\n\t<meta name=\"twitter:data1\" content=\"3 minutes\" \/>\n<script type=\"application\/ld+json\" class=\"yoast-schema-graph\">{\"@context\":\"https:\\\/\\\/schema.org\",\"@graph\":[{\"@type\":\"WebPage\",\"@id\":\"https:\\\/\\\/voyagiste-madagascar.com\\\/decouvrir-madagascar\\\/culture\\\/\",\"url\":\"https:\\\/\\\/voyagiste-madagascar.com\\\/decouvrir-madagascar\\\/culture\\\/\",\"name\":\"Culture &#183; Voyagiste Madagascar\",\"isPartOf\":{\"@id\":\"https:\\\/\\\/voyagiste-madagascar.com\\\/#website\"},\"primaryImageOfPage\":{\"@id\":\"https:\\\/\\\/voyagiste-madagascar.com\\\/decouvrir-madagascar\\\/culture\\\/#primaryimage\"},\"image\":{\"@id\":\"https:\\\/\\\/voyagiste-madagascar.com\\\/decouvrir-madagascar\\\/culture\\\/#primaryimage\"},\"thumbnailUrl\":\"http:\\\/\\\/voyagiste-madagascar.com\\\/wp-content\\\/uploads\\\/2011\\\/01\\\/DSC002781-288x300.jpg\",\"datePublished\":\"2011-01-05T00:34:05+00:00\",\"dateModified\":\"2011-02-13T06:17:46+00:00\",\"breadcrumb\":{\"@id\":\"https:\\\/\\\/voyagiste-madagascar.com\\\/decouvrir-madagascar\\\/culture\\\/#breadcrumb\"},\"inLanguage\":\"fr-FR\",\"potentialAction\":[{\"@type\":\"ReadAction\",\"target\":[\"https:\\\/\\\/voyagiste-madagascar.com\\\/decouvrir-madagascar\\\/culture\\\/\"]}]},{\"@type\":\"ImageObject\",\"inLanguage\":\"fr-FR\",\"@id\":\"https:\\\/\\\/voyagiste-madagascar.com\\\/decouvrir-madagascar\\\/culture\\\/#primaryimage\",\"url\":\"http:\\\/\\\/voyagiste-madagascar.com\\\/wp-content\\\/uploads\\\/2011\\\/01\\\/DSC002781-288x300.jpg\",\"contentUrl\":\"http:\\\/\\\/voyagiste-madagascar.com\\\/wp-content\\\/uploads\\\/2011\\\/01\\\/DSC002781-288x300.jpg\"},{\"@type\":\"BreadcrumbList\",\"@id\":\"https:\\\/\\\/voyagiste-madagascar.com\\\/decouvrir-madagascar\\\/culture\\\/#breadcrumb\",\"itemListElement\":[{\"@type\":\"ListItem\",\"position\":1,\"name\":\"Home\",\"item\":\"https:\\\/\\\/voyagiste-madagascar.com\\\/\"},{\"@type\":\"ListItem\",\"position\":2,\"name\":\"D\u00e9couvrir Madagascar\",\"item\":\"https:\\\/\\\/voyagiste-madagascar.com\\\/decouvrir-madagascar\\\/\"},{\"@type\":\"ListItem\",\"position\":3,\"name\":\"Culture\"}]},{\"@type\":\"WebSite\",\"@id\":\"https:\\\/\\\/voyagiste-madagascar.com\\\/#website\",\"url\":\"https:\\\/\\\/voyagiste-madagascar.com\\\/\",\"name\":\"Voyagiste Madagascar\",\"description\":\"Explore Madagascar with Confidence\",\"publisher\":{\"@id\":\"https:\\\/\\\/voyagiste-madagascar.com\\\/#organization\"},\"potentialAction\":[{\"@type\":\"SearchAction\",\"target\":{\"@type\":\"EntryPoint\",\"urlTemplate\":\"https:\\\/\\\/voyagiste-madagascar.com\\\/?s={search_term_string}\"},\"query-input\":{\"@type\":\"PropertyValueSpecification\",\"valueRequired\":true,\"valueName\":\"search_term_string\"}}],\"inLanguage\":\"fr-FR\"},{\"@type\":\"Organization\",\"@id\":\"https:\\\/\\\/voyagiste-madagascar.com\\\/#organization\",\"name\":\"Voyagiste Madagascar\",\"url\":\"https:\\\/\\\/voyagiste-madagascar.com\\\/\",\"logo\":{\"@type\":\"ImageObject\",\"inLanguage\":\"fr-FR\",\"@id\":\"https:\\\/\\\/voyagiste-madagascar.com\\\/#\\\/schema\\\/logo\\\/image\\\/\",\"url\":\"https:\\\/\\\/voyagiste-madagascar.com\\\/wp-content\\\/uploads\\\/2017\\\/01\\\/cropped-logo.png\",\"contentUrl\":\"https:\\\/\\\/voyagiste-madagascar.com\\\/wp-content\\\/uploads\\\/2017\\\/01\\\/cropped-logo.png\",\"width\":150,\"height\":60,\"caption\":\"Voyagiste Madagascar\"},\"image\":{\"@id\":\"https:\\\/\\\/voyagiste-madagascar.com\\\/#\\\/schema\\\/logo\\\/image\\\/\"},\"sameAs\":[\"https:\\\/\\\/www.facebook.com\\\/VMadagascar\\\/?ref=ts\"]}]}<\/script>\n<!-- \/ Yoast SEO plugin. -->","yoast_head_json":{"title":"Culture &#183; Voyagiste Madagascar","robots":{"index":"index","follow":"follow","max-snippet":"max-snippet:-1","max-image-preview":"max-image-preview:large","max-video-preview":"max-video-preview:-1"},"canonical":"https:\/\/voyagiste-madagascar.com\/decouvrir-madagascar\/culture\/","og_locale":"fr_FR","og_type":"article","og_title":"Culture &#183; Voyagiste Madagascar","og_description":"Apr\u00e8s l&rsquo;\u00e9cotourisme, l&rsquo;art et la culture constitue le deuxi\u00e8me meilleur ambassadeur de Madagascar dans le monde. \u00c0 chaque salon ou exposition pr\u00e9sentant la Grande \u00cele, l&rsquo;artisanat est omnipr\u00e9sente. Chaque r\u00e9gion poss\u00e8de sa propre sp\u00e9cialit\u00e9&#46;&#46;&#46;","og_url":"https:\/\/voyagiste-madagascar.com\/decouvrir-madagascar\/culture\/","og_site_name":"Voyagiste Madagascar","article_publisher":"https:\/\/www.facebook.com\/VMadagascar\/?ref=ts","article_modified_time":"2011-02-13T06:17:46+00:00","og_image":[{"url":"http:\/\/voyagiste-madagascar.com\/wp-content\/uploads\/2011\/01\/DSC002781-288x300.jpg","type":"","width":"","height":""}],"twitter_card":"summary_large_image","twitter_misc":{"Dur\u00e9e de lecture estim\u00e9e":"3 minutes"},"schema":{"@context":"https:\/\/schema.org","@graph":[{"@type":"WebPage","@id":"https:\/\/voyagiste-madagascar.com\/decouvrir-madagascar\/culture\/","url":"https:\/\/voyagiste-madagascar.com\/decouvrir-madagascar\/culture\/","name":"Culture &#183; Voyagiste Madagascar","isPartOf":{"@id":"https:\/\/voyagiste-madagascar.com\/#website"},"primaryImageOfPage":{"@id":"https:\/\/voyagiste-madagascar.com\/decouvrir-madagascar\/culture\/#primaryimage"},"image":{"@id":"https:\/\/voyagiste-madagascar.com\/decouvrir-madagascar\/culture\/#primaryimage"},"thumbnailUrl":"http:\/\/voyagiste-madagascar.com\/wp-content\/uploads\/2011\/01\/DSC002781-288x300.jpg","datePublished":"2011-01-05T00:34:05+00:00","dateModified":"2011-02-13T06:17:46+00:00","breadcrumb":{"@id":"https:\/\/voyagiste-madagascar.com\/decouvrir-madagascar\/culture\/#breadcrumb"},"inLanguage":"fr-FR","potentialAction":[{"@type":"ReadAction","target":["https:\/\/voyagiste-madagascar.com\/decouvrir-madagascar\/culture\/"]}]},{"@type":"ImageObject","inLanguage":"fr-FR","@id":"https:\/\/voyagiste-madagascar.com\/decouvrir-madagascar\/culture\/#primaryimage","url":"http:\/\/voyagiste-madagascar.com\/wp-content\/uploads\/2011\/01\/DSC002781-288x300.jpg","contentUrl":"http:\/\/voyagiste-madagascar.com\/wp-content\/uploads\/2011\/01\/DSC002781-288x300.jpg"},{"@type":"BreadcrumbList","@id":"https:\/\/voyagiste-madagascar.com\/decouvrir-madagascar\/culture\/#breadcrumb","itemListElement":[{"@type":"ListItem","position":1,"name":"Home","item":"https:\/\/voyagiste-madagascar.com\/"},{"@type":"ListItem","position":2,"name":"D\u00e9couvrir Madagascar","item":"https:\/\/voyagiste-madagascar.com\/decouvrir-madagascar\/"},{"@type":"ListItem","position":3,"name":"Culture"}]},{"@type":"WebSite","@id":"https:\/\/voyagiste-madagascar.com\/#website","url":"https:\/\/voyagiste-madagascar.com\/","name":"Voyagiste Madagascar","description":"Explore Madagascar with Confidence","publisher":{"@id":"https:\/\/voyagiste-madagascar.com\/#organization"},"potentialAction":[{"@type":"SearchAction","target":{"@type":"EntryPoint","urlTemplate":"https:\/\/voyagiste-madagascar.com\/?s={search_term_string}"},"query-input":{"@type":"PropertyValueSpecification","valueRequired":true,"valueName":"search_term_string"}}],"inLanguage":"fr-FR"},{"@type":"Organization","@id":"https:\/\/voyagiste-madagascar.com\/#organization","name":"Voyagiste Madagascar","url":"https:\/\/voyagiste-madagascar.com\/","logo":{"@type":"ImageObject","inLanguage":"fr-FR","@id":"https:\/\/voyagiste-madagascar.com\/#\/schema\/logo\/image\/","url":"https:\/\/voyagiste-madagascar.com\/wp-content\/uploads\/2017\/01\/cropped-logo.png","contentUrl":"https:\/\/voyagiste-madagascar.com\/wp-content\/uploads\/2017\/01\/cropped-logo.png","width":150,"height":60,"caption":"Voyagiste Madagascar"},"image":{"@id":"https:\/\/voyagiste-madagascar.com\/#\/schema\/logo\/image\/"},"sameAs":["https:\/\/www.facebook.com\/VMadagascar\/?ref=ts"]}]}},"_links":{"self":[{"href":"https:\/\/voyagiste-madagascar.com\/fr\/wp-json\/wp\/v2\/pages\/64","targetHints":{"allow":["GET"]}}],"collection":[{"href":"https:\/\/voyagiste-madagascar.com\/fr\/wp-json\/wp\/v2\/pages"}],"about":[{"href":"https:\/\/voyagiste-madagascar.com\/fr\/wp-json\/wp\/v2\/types\/page"}],"author":[{"embeddable":true,"href":"https:\/\/voyagiste-madagascar.com\/fr\/wp-json\/wp\/v2\/users\/1"}],"replies":[{"embeddable":true,"href":"https:\/\/voyagiste-madagascar.com\/fr\/wp-json\/wp\/v2\/comments?post=64"}],"version-history":[{"count":12,"href":"https:\/\/voyagiste-madagascar.com\/fr\/wp-json\/wp\/v2\/pages\/64\/revisions"}],"predecessor-version":[{"id":301,"href":"https:\/\/voyagiste-madagascar.com\/fr\/wp-json\/wp\/v2\/pages\/64\/revisions\/301"}],"up":[{"embeddable":true,"href":"https:\/\/voyagiste-madagascar.com\/fr\/wp-json\/wp\/v2\/pages\/25"}],"wp:attachment":[{"href":"https:\/\/voyagiste-madagascar.com\/fr\/wp-json\/wp\/v2\/media?parent=64"}],"curies":[{"name":"wp","href":"https:\/\/api.w.org\/{rel}","templated":true}]}}