{"id":7,"date":"2011-01-03T20:48:36","date_gmt":"2011-01-03T20:48:36","guid":{"rendered":"http:\/\/voyagiste-madagascar.com\/?page_id=7"},"modified":"2011-03-24T20:45:10","modified_gmt":"2011-03-25T00:45:10","slug":"location-de-voiture","status":"publish","type":"page","link":"https:\/\/voyagiste-madagascar.com\/fr\/location-de-voiture\/","title":{"rendered":"Location de voiture"},"content":{"rendered":"<p><!-- p.p1 {margin: 0.0px 0.0px 0.0px 0.0px; line-height: 15.0px; font: 12.0px 'Helvetica Light'; min-height: 14.0px} p.p2 {margin: 0.0px 0.0px 0.0px 0.0px; text-align: justify; line-height: 14.0px; font: 12.0px Times} span.s1 {text-decoration: underline} span.Apple-tab-span {white-space:pre} --><br \/>\n<a href=\"http:\/\/voyagiste-madagascar.com\/wp-content\/uploads\/2011\/01\/11.jpg\"><img loading=\"lazy\" decoding=\"async\" class=\"alignnone size-full wp-image-639\" title=\"Location de voiture\" src=\"http:\/\/voyagiste-madagascar.com\/wp-content\/uploads\/2011\/01\/11.jpg\" alt=\"\" width=\"761\" height=\"150\" srcset=\"https:\/\/voyagiste-madagascar.com\/wp-content\/uploads\/2011\/01\/11.jpg 761w, https:\/\/voyagiste-madagascar.com\/wp-content\/uploads\/2011\/01\/11-300x59.jpg 300w\" sizes=\"auto, (max-width: 761px) 100vw, 761px\" \/><\/a><\/p>\n<blockquote>\n<h3><strong><span style=\"color: #3366ff;\">Nos v\u00e9hicules :<\/span><\/strong><\/h3>\n<\/blockquote>\n<p><span style=\"color: #000000;\">Mazda Friendee 8 places, climatis\u00e9e, confort<\/span><\/p>\n<p><span style=\"color: #000000;\">Golf type III, 5 places, confort<\/span><\/p>\n<p><span style=\"color: #000000;\"> <\/span><\/p>\n<blockquote>\n<h3><!-- p.p1 {margin: 0.0px 0.0px 0.0px 0.0px; text-align: justify; line-height: 14.0px; font: 12.0px Times} span.s1 {text-decoration: underline} span.s2 {font: 12.0px 'Times New Roman'} --><strong><span style=\"color: #3366ff;\">Tarifs forfaitaires de location\u00a0de 1 \u00e0 7 personnes:<\/span><\/strong><\/h3>\n<\/blockquote>\n<ul>\n<li><span style=\"color: #000000;\">Transfert A\u00e9roport \u2013 H\u00f4tel, aller simple: <span style=\"color: #ff0000;\"><strong><span style=\"text-decoration: underline;\">seulement<\/span><\/strong><\/span><\/span><strong><span style=\"color: #000000;\"> <\/span><\/strong><span style=\"color: #000000;\"><span style=\"color: #ff6600;\"><strong>50\u00a0000 Ar \/ 18 Euros \/ 23 USD\/ 23 CAD<\/strong><\/span> &#8211; <span style=\"color: #008000;\"><strong>Carburant compris<\/strong><\/span><\/span><\/li>\n<li><span style=\"color: #000000;\">Journ\u00e9e ville: <strong><span style=\"color: #ff0000;\"><span style=\"text-decoration: underline;\">seulement<\/span><\/span><\/strong> <span style=\"color: #ff6600;\"><strong>100\u00a0000 Ar \/ 35 Euros \/ 44 USD \/ 44 CAD<\/strong><\/span> &#8211; <span style=\"color: #008000;\"><strong>Carburant compris<\/strong><\/span><\/span><\/li>\n<li><span style=\"color: #000000;\">Circuit classique: <span style=\"color: #ff0000;\"><strong><span style=\"text-decoration: underline;\">seulement<\/span><\/strong><\/span><strong><span style=\"color: #ff6600;\"> 100\u00a0000 Ar \/ 35 Euros \/ 44 USD \/ 44 CAD &#8211; <span style=\"color: #008000;\">Carburant en sus<\/span><\/span><\/strong><\/span><\/li>\n<\/ul>\n<blockquote>\n<h3><strong><span style=\"color: #3366ff;\">Autres informations :<\/span><\/strong><\/h3>\n<\/blockquote>\n<ul>\n<li><span style=\"color: #000000;\">Chauffeur guide francophone et anglophone<\/span><\/li>\n<li><span style=\"color: #000000;\">Contrat avant d\u00e9part<\/span><\/li>\n<li><span style=\"color: #000000;\">Conseil personnalis\u00e9 de l\u2019itin\u00e9raire<\/span><\/li>\n<\/ul>\n<blockquote>\n<h3><!-- p.p1 {margin: 0.0px 0.0px 0.0px 0.0px; text-align: justify; line-height: 14.0px; font: 12.0px Times} span.s1 {text-decoration: underline} --><strong><span style=\"color: #3366ff;\">Conditions de location :<\/span><\/strong><\/h3>\n<\/blockquote>\n<ul>\n<li><strong><em><span style=\"color: #000000;\">Location\u00a0:<\/span><\/em><\/strong><span style=\"color: #000000;\"> Location de 6h30 a 19h30, d\u00e9part d\u2019Antananarivo avec chauffeur. Le v\u00e9hicule ne roule pas la nuit par souci de s\u00e9curit\u00e9.<\/span><\/li>\n<li><strong><em><span style=\"color: #000000;\">Carburant\u00a0:<\/span><\/em><\/strong><span style=\"color: #000000;\"> carburant\u00a0 \u00e0 la charge du client pour les circuits en dehors de la ville de Tana. V\u00e9hicule livr\u00e9 avec r\u00e9servoir plein et \u00e0 rendre dans la m\u00eame condition.<\/span><\/li>\n<li><strong><em><span style=\"color: #000000;\">Indemnit\u00e9s chauffeur\u00a0:<\/span><\/em><\/strong><span style=\"color: #000000;\"> les frais de vie chauffeur (repas et h\u00e9bergement) sont d\u00e9j\u00e0 inclus dans le pris de la location.<\/span><\/li>\n<li><strong><em><span style=\"color: #000000;\">R\u00e9servation\u00a0:<\/span><\/em><\/strong><span style=\"color: #000000;\"> une r\u00e9servation \u00e0 l\u2019 avance est exig\u00e9e<\/span><\/li>\n<li><strong><em><span style=\"color: #000000;\">R\u00e8glement\u00a0:<\/span><\/em><\/strong><span style=\"color: #000000;\"> le montant de la facture doit \u00eatre r\u00e9gularis\u00e9 avant le d\u00e9part. Payements accept\u00e9s en Euros, en USD, ou en Ariary.<\/span><\/li>\n<li><strong><em><span style=\"color: #000000;\">Remont\u00e9e et descente de la voiture\u00a0:<\/span><\/em><\/strong><span style=\"color: #000000;\"> la voiture doit \u00eatre restitu\u00e9e \u00e0 son point de d\u00e9part. Ce qui entra\u00eene le fait que les descentes ou remont\u00e9es \u00e0 vide du v\u00e9hicule sont factur\u00e9es\u00a0: Tamatave (1j), Tulear (2j), Majunga (1j), Antsiranana (2j)<\/span><\/li>\n<\/ul>\n<p><strong><br \/>\n<\/strong><\/p>\n","protected":false},"excerpt":{"rendered":"<p>Nos v\u00e9hicules : Mazda Friendee 8 places, climatis\u00e9e, confort Golf type III, 5 places, confort Tarifs forfaitaires de location\u00a0de 1 \u00e0 7 personnes: Transfert A\u00e9roport \u2013 H\u00f4tel, aller simple: seulement 50\u00a0000 Ar \/ 18&#46;&#46;&#46;<\/p>\n","protected":false},"author":1,"featured_media":0,"parent":0,"menu_order":3,"comment_status":"closed","ping_status":"closed","template":"","meta":{"ngg_post_thumbnail":0,"footnotes":""},"class_list":["post-7","page","type-page","status-publish","hentry"],"yoast_head":"<!-- This site is optimized with the Yoast SEO plugin v27.5 - https:\/\/yoast.com\/product\/yoast-seo-wordpress\/ -->\n<title>Location de voiture &#183; Voyagiste Madagascar<\/title>\n<meta name=\"robots\" content=\"index, follow, max-snippet:-1, max-image-preview:large, max-video-preview:-1\" \/>\n<link rel=\"canonical\" href=\"https:\/\/voyagiste-madagascar.com\/location-de-voiture\/\" \/>\n<meta property=\"og:locale\" content=\"fr_FR\" \/>\n<meta property=\"og:type\" content=\"article\" \/>\n<meta property=\"og:title\" content=\"Location de voiture &#183; Voyagiste Madagascar\" \/>\n<meta property=\"og:description\" content=\"Nos v\u00e9hicules : Mazda Friendee 8 places, climatis\u00e9e, confort Golf type III, 5 places, confort Tarifs forfaitaires de location\u00a0de 1 \u00e0 7 personnes: Transfert A\u00e9roport \u2013 H\u00f4tel, aller simple: seulement 50\u00a0000 Ar \/ 18&#046;&#046;&#046;\" \/>\n<meta property=\"og:url\" content=\"https:\/\/voyagiste-madagascar.com\/location-de-voiture\/\" \/>\n<meta property=\"og:site_name\" content=\"Voyagiste Madagascar\" \/>\n<meta property=\"article:publisher\" content=\"https:\/\/www.facebook.com\/VMadagascar\/?ref=ts\" \/>\n<meta property=\"article:modified_time\" content=\"2011-03-25T00:45:10+00:00\" \/>\n<meta property=\"og:image\" content=\"http:\/\/voyagiste-madagascar.com\/wp-content\/uploads\/2011\/01\/11.jpg\" \/>\n<meta name=\"twitter:card\" content=\"summary_large_image\" \/>\n<meta name=\"twitter:label1\" content=\"Dur\u00e9e de lecture estim\u00e9e\" \/>\n\t<meta name=\"twitter:data1\" content=\"1 minute\" \/>\n<script type=\"application\/ld+json\" class=\"yoast-schema-graph\">{\"@context\":\"https:\\\/\\\/schema.org\",\"@graph\":[{\"@type\":\"WebPage\",\"@id\":\"https:\\\/\\\/voyagiste-madagascar.com\\\/location-de-voiture\\\/\",\"url\":\"https:\\\/\\\/voyagiste-madagascar.com\\\/location-de-voiture\\\/\",\"name\":\"Location de voiture &#183; Voyagiste Madagascar\",\"isPartOf\":{\"@id\":\"https:\\\/\\\/voyagiste-madagascar.com\\\/#website\"},\"primaryImageOfPage\":{\"@id\":\"https:\\\/\\\/voyagiste-madagascar.com\\\/location-de-voiture\\\/#primaryimage\"},\"image\":{\"@id\":\"https:\\\/\\\/voyagiste-madagascar.com\\\/location-de-voiture\\\/#primaryimage\"},\"thumbnailUrl\":\"http:\\\/\\\/voyagiste-madagascar.com\\\/wp-content\\\/uploads\\\/2011\\\/01\\\/11.jpg\",\"datePublished\":\"2011-01-03T20:48:36+00:00\",\"dateModified\":\"2011-03-25T00:45:10+00:00\",\"breadcrumb\":{\"@id\":\"https:\\\/\\\/voyagiste-madagascar.com\\\/location-de-voiture\\\/#breadcrumb\"},\"inLanguage\":\"fr-FR\",\"potentialAction\":[{\"@type\":\"ReadAction\",\"target\":[\"https:\\\/\\\/voyagiste-madagascar.com\\\/location-de-voiture\\\/\"]}]},{\"@type\":\"ImageObject\",\"inLanguage\":\"fr-FR\",\"@id\":\"https:\\\/\\\/voyagiste-madagascar.com\\\/location-de-voiture\\\/#primaryimage\",\"url\":\"http:\\\/\\\/voyagiste-madagascar.com\\\/wp-content\\\/uploads\\\/2011\\\/01\\\/11.jpg\",\"contentUrl\":\"http:\\\/\\\/voyagiste-madagascar.com\\\/wp-content\\\/uploads\\\/2011\\\/01\\\/11.jpg\"},{\"@type\":\"BreadcrumbList\",\"@id\":\"https:\\\/\\\/voyagiste-madagascar.com\\\/location-de-voiture\\\/#breadcrumb\",\"itemListElement\":[{\"@type\":\"ListItem\",\"position\":1,\"name\":\"Home\",\"item\":\"https:\\\/\\\/voyagiste-madagascar.com\\\/\"},{\"@type\":\"ListItem\",\"position\":2,\"name\":\"Location de voiture\"}]},{\"@type\":\"WebSite\",\"@id\":\"https:\\\/\\\/voyagiste-madagascar.com\\\/#website\",\"url\":\"https:\\\/\\\/voyagiste-madagascar.com\\\/\",\"name\":\"Voyagiste Madagascar\",\"description\":\"Explore Madagascar with Confidence\",\"publisher\":{\"@id\":\"https:\\\/\\\/voyagiste-madagascar.com\\\/#organization\"},\"potentialAction\":[{\"@type\":\"SearchAction\",\"target\":{\"@type\":\"EntryPoint\",\"urlTemplate\":\"https:\\\/\\\/voyagiste-madagascar.com\\\/?s={search_term_string}\"},\"query-input\":{\"@type\":\"PropertyValueSpecification\",\"valueRequired\":true,\"valueName\":\"search_term_string\"}}],\"inLanguage\":\"fr-FR\"},{\"@type\":\"Organization\",\"@id\":\"https:\\\/\\\/voyagiste-madagascar.com\\\/#organization\",\"name\":\"Voyagiste Madagascar\",\"url\":\"https:\\\/\\\/voyagiste-madagascar.com\\\/\",\"logo\":{\"@type\":\"ImageObject\",\"inLanguage\":\"fr-FR\",\"@id\":\"https:\\\/\\\/voyagiste-madagascar.com\\\/#\\\/schema\\\/logo\\\/image\\\/\",\"url\":\"https:\\\/\\\/voyagiste-madagascar.com\\\/wp-content\\\/uploads\\\/2017\\\/01\\\/cropped-logo.png\",\"contentUrl\":\"https:\\\/\\\/voyagiste-madagascar.com\\\/wp-content\\\/uploads\\\/2017\\\/01\\\/cropped-logo.png\",\"width\":150,\"height\":60,\"caption\":\"Voyagiste Madagascar\"},\"image\":{\"@id\":\"https:\\\/\\\/voyagiste-madagascar.com\\\/#\\\/schema\\\/logo\\\/image\\\/\"},\"sameAs\":[\"https:\\\/\\\/www.facebook.com\\\/VMadagascar\\\/?ref=ts\"]}]}<\/script>\n<!-- \/ Yoast SEO plugin. -->","yoast_head_json":{"title":"Location de voiture &#183; Voyagiste Madagascar","robots":{"index":"index","follow":"follow","max-snippet":"max-snippet:-1","max-image-preview":"max-image-preview:large","max-video-preview":"max-video-preview:-1"},"canonical":"https:\/\/voyagiste-madagascar.com\/location-de-voiture\/","og_locale":"fr_FR","og_type":"article","og_title":"Location de voiture &#183; Voyagiste Madagascar","og_description":"Nos v\u00e9hicules : Mazda Friendee 8 places, climatis\u00e9e, confort Golf type III, 5 places, confort Tarifs forfaitaires de location\u00a0de 1 \u00e0 7 personnes: Transfert A\u00e9roport \u2013 H\u00f4tel, aller simple: seulement 50\u00a0000 Ar \/ 18&#46;&#46;&#46;","og_url":"https:\/\/voyagiste-madagascar.com\/location-de-voiture\/","og_site_name":"Voyagiste Madagascar","article_publisher":"https:\/\/www.facebook.com\/VMadagascar\/?ref=ts","article_modified_time":"2011-03-25T00:45:10+00:00","og_image":[{"url":"http:\/\/voyagiste-madagascar.com\/wp-content\/uploads\/2011\/01\/11.jpg","type":"","width":"","height":""}],"twitter_card":"summary_large_image","twitter_misc":{"Dur\u00e9e de lecture estim\u00e9e":"1 minute"},"schema":{"@context":"https:\/\/schema.org","@graph":[{"@type":"WebPage","@id":"https:\/\/voyagiste-madagascar.com\/location-de-voiture\/","url":"https:\/\/voyagiste-madagascar.com\/location-de-voiture\/","name":"Location de voiture &#183; Voyagiste Madagascar","isPartOf":{"@id":"https:\/\/voyagiste-madagascar.com\/#website"},"primaryImageOfPage":{"@id":"https:\/\/voyagiste-madagascar.com\/location-de-voiture\/#primaryimage"},"image":{"@id":"https:\/\/voyagiste-madagascar.com\/location-de-voiture\/#primaryimage"},"thumbnailUrl":"http:\/\/voyagiste-madagascar.com\/wp-content\/uploads\/2011\/01\/11.jpg","datePublished":"2011-01-03T20:48:36+00:00","dateModified":"2011-03-25T00:45:10+00:00","breadcrumb":{"@id":"https:\/\/voyagiste-madagascar.com\/location-de-voiture\/#breadcrumb"},"inLanguage":"fr-FR","potentialAction":[{"@type":"ReadAction","target":["https:\/\/voyagiste-madagascar.com\/location-de-voiture\/"]}]},{"@type":"ImageObject","inLanguage":"fr-FR","@id":"https:\/\/voyagiste-madagascar.com\/location-de-voiture\/#primaryimage","url":"http:\/\/voyagiste-madagascar.com\/wp-content\/uploads\/2011\/01\/11.jpg","contentUrl":"http:\/\/voyagiste-madagascar.com\/wp-content\/uploads\/2011\/01\/11.jpg"},{"@type":"BreadcrumbList","@id":"https:\/\/voyagiste-madagascar.com\/location-de-voiture\/#breadcrumb","itemListElement":[{"@type":"ListItem","position":1,"name":"Home","item":"https:\/\/voyagiste-madagascar.com\/"},{"@type":"ListItem","position":2,"name":"Location de voiture"}]},{"@type":"WebSite","@id":"https:\/\/voyagiste-madagascar.com\/#website","url":"https:\/\/voyagiste-madagascar.com\/","name":"Voyagiste Madagascar","description":"Explore Madagascar with Confidence","publisher":{"@id":"https:\/\/voyagiste-madagascar.com\/#organization"},"potentialAction":[{"@type":"SearchAction","target":{"@type":"EntryPoint","urlTemplate":"https:\/\/voyagiste-madagascar.com\/?s={search_term_string}"},"query-input":{"@type":"PropertyValueSpecification","valueRequired":true,"valueName":"search_term_string"}}],"inLanguage":"fr-FR"},{"@type":"Organization","@id":"https:\/\/voyagiste-madagascar.com\/#organization","name":"Voyagiste Madagascar","url":"https:\/\/voyagiste-madagascar.com\/","logo":{"@type":"ImageObject","inLanguage":"fr-FR","@id":"https:\/\/voyagiste-madagascar.com\/#\/schema\/logo\/image\/","url":"https:\/\/voyagiste-madagascar.com\/wp-content\/uploads\/2017\/01\/cropped-logo.png","contentUrl":"https:\/\/voyagiste-madagascar.com\/wp-content\/uploads\/2017\/01\/cropped-logo.png","width":150,"height":60,"caption":"Voyagiste Madagascar"},"image":{"@id":"https:\/\/voyagiste-madagascar.com\/#\/schema\/logo\/image\/"},"sameAs":["https:\/\/www.facebook.com\/VMadagascar\/?ref=ts"]}]}},"_links":{"self":[{"href":"https:\/\/voyagiste-madagascar.com\/fr\/wp-json\/wp\/v2\/pages\/7","targetHints":{"allow":["GET"]}}],"collection":[{"href":"https:\/\/voyagiste-madagascar.com\/fr\/wp-json\/wp\/v2\/pages"}],"about":[{"href":"https:\/\/voyagiste-madagascar.com\/fr\/wp-json\/wp\/v2\/types\/page"}],"author":[{"embeddable":true,"href":"https:\/\/voyagiste-madagascar.com\/fr\/wp-json\/wp\/v2\/users\/1"}],"replies":[{"embeddable":true,"href":"https:\/\/voyagiste-madagascar.com\/fr\/wp-json\/wp\/v2\/comments?post=7"}],"version-history":[{"count":34,"href":"https:\/\/voyagiste-madagascar.com\/fr\/wp-json\/wp\/v2\/pages\/7\/revisions"}],"predecessor-version":[{"id":35,"href":"https:\/\/voyagiste-madagascar.com\/fr\/wp-json\/wp\/v2\/pages\/7\/revisions\/35"}],"wp:attachment":[{"href":"https:\/\/voyagiste-madagascar.com\/fr\/wp-json\/wp\/v2\/media?parent=7"}],"curies":[{"name":"wp","href":"https:\/\/api.w.org\/{rel}","templated":true}]}}